{"id":2461,"date":"2024-04-24T10:57:35","date_gmt":"2024-04-24T16:57:35","guid":{"rendered":"https:\/\/laserst.net\/sitio\/?post_type=product&#038;p=2461"},"modified":"2024-05-16T16:26:40","modified_gmt":"2024-05-16T22:26:40","slug":"renta-bodega-verde-sur","status":"publish","type":"product","link":"https:\/\/laserst.net\/sitio\/catalogo\/renta-bodega-verde-sur\/","title":{"rendered":"RENTA BODEGA VERDE SUR"},"content":{"rendered":"<p>[et_pb_section fb_built=\u00bb1&#8243; admin_label=\u00bbHeader\u00bb _builder_version=\u00bb4.16&#8243; _module_preset=\u00bbdefault\u00bb background_color=\u00bb#242424&#8243; background_image=\u00bbhttps:\/\/laserst.net\/sitio\/wp-content\/uploads\/2024\/04\/Copia-de-Copia-de-Copia-de-Copia-de-Copia-de-Alex-Cindys-Wedding-15.png\u00bb parallax=\u00bbon\u00bb min_height=\u00bb1223.4px\u00bb custom_padding=\u00bb8vw||8vw||false|false\u00bb collapsed=\u00bbon\u00bb global_colors_info=\u00bb{}\u00bb][et_pb_row _builder_version=\u00bb4.16&#8243; _module_preset=\u00bbdefault\u00bb global_colors_info=\u00bb{}\u00bb][et_pb_column type=\u00bb4_4&#8243; _builder_version=\u00bb4.16&#8243; _module_preset=\u00bbdefault\u00bb global_colors_info=\u00bb{}\u00bb][et_pb_text _builder_version=\u00bb4.16&#8243; _module_preset=\u00bb4c1c697c-4a7e-4e5a-a9bd-708189313853&#8243; header_font=\u00bbOswald|||on|\u00bb header_text_color=\u00bb#FFFFFF\u00bb header_font_size=\u00bb80px\u00bb header_letter_spacing=\u00bb0.05em\u00bb header_line_height=\u00bb1.5em\u00bb text_orientation=\u00bbcenter\u00bb custom_margin=\u00bb||10px||false|false\u00bb custom_padding=\u00bb||0px|||\u00bb header_font_size_tablet=\u00bb60px\u00bb header_font_size_phone=\u00bb40px\u00bb header_font_size_last_edited=\u00bbon|desktop\u00bb global_colors_info=\u00bb{}\u00bb]<\/p>\n<h2><span style=\"font-size: large; color: #ffffff;\">Renta Bodega Comercial Verde Sur<\/span><\/h2>\n<p>[\/et_pb_text][et_pb_text _builder_version=\u00bb4.21.0&#8243; _module_preset=\u00bbb9959e25-00f7-4291-bda1-4a19c91fac22&#8243; header_5_font=\u00bbOswald|||on|\u00bb header_5_text_color=\u00bb#FFFFFF\u00bb header_5_font_size=\u00bb20px\u00bb header_5_letter_spacing=\u00bb1px\u00bb header_5_line_height=\u00bb1.7em\u00bb text_orientation=\u00bbcenter\u00bb header_5_font_size_tablet=\u00bb16px\u00bb header_5_font_size_phone=\u00bb15px\u00bb header_5_font_size_last_edited=\u00bbon|phone\u00bb global_colors_info=\u00bb{}\u00bb]<\/p>\n<h5>Ubicados en la costa sur Occidente\u00a0<\/h5>\n<p>[\/et_pb_text][et_pb_gallery gallery_ids=\u00bb2486,2484,2481,2480&#8243; fullwidth=\u00bbon\u00bb dbdb_version=\u00bb4.0.1&#8243; _builder_version=\u00bb4.16&#8243; _module_preset=\u00bbdefault\u00bb global_colors_info=\u00bb{}\u00bb][\/et_pb_gallery][\/et_pb_column][\/et_pb_row][et_pb_row _builder_version=\u00bb4.21.0&#8243; _module_preset=\u00bbdefault\u00bb custom_padding=\u00bb21px|||||\u00bb global_colors_info=\u00bb{}\u00bb][et_pb_column type=\u00bb4_4&#8243; _builder_version=\u00bb4.21.0&#8243; _module_preset=\u00bbdefault\u00bb global_colors_info=\u00bb{}\u00bb][et_pb_button button_url=\u00bbhttp:\/\/Wa.me\/50254836444\/?text=%20Hola!!%20necesito%20informaci\u00f3n%20sobre%20la%20renta%20de%20la%20bodega%20comercial%20Verde%20Sur\u00bb button_text=\u00bbWHATSAPP\u00bb button_alignment=\u00bbcenter\u00bb button_text_tablet=\u00bb\u00bb button_text_phone=\u00bb\u00bb button_text_last_edited=\u00bbon|desktop\u00bb _builder_version=\u00bb4.16&#8243; _module_preset=\u00bbdefault\u00bb background_layout=\u00bbdark\u00bb custom_padding=\u00bb|47px||||\u00bb global_colors_info=\u00bb{}\u00bb][\/et_pb_button][et_pb_text _builder_version=\u00bb4.16&#8243; _module_preset=\u00bbdefault\u00bb custom_padding=\u00bb||0px|||\u00bb global_colors_info=\u00bb{}\u00bb]<\/p>\n<div id=\"w-node-f1237b1d-b986-1516-ed50-9112b98011c7-38a837ee\" class=\"content-beneficios-grid\">\n<div class=\"content-ing-beneficios\"><span style=\"color: #ffffff;\"><img decoding=\"async\" src=\"https:\/\/verdesur.com.gt\/images\/Group-973.svg\" loading=\"lazy\" alt=\"\" class=\"image-4\" width=\"37\" height=\"27\" \/>\u00a0 Garantice el abastecimiento de sus productos.<\/span><\/div>\n<\/div>\n<div class=\"content-beneficios-grid\">\n<div class=\"content-ing-beneficios\"><span style=\"color: #ffffff;\"><img decoding=\"async\" src=\"https:\/\/verdesur.com.gt\/images\/surface-1.svg\" loading=\"lazy\" alt=\"\" class=\"image-13\" width=\"33\" height=\"39\" \/>\u00a0 Alta seguridad de su negocio<\/span><\/div>\n<\/div>\n<div class=\"content-beneficios-grid\">\n<div class=\"content-ing-beneficios\"><span style=\"color: #ffffff;\"><img decoding=\"async\" src=\"https:\/\/verdesur.com.gt\/images\/Group-990.svg\" loading=\"lazy\" alt=\"\" class=\"image-14\" width=\"32\" height=\"38\" \/>\u00a0 Optimice sus costos de distribuci\u00f3n.<\/span><\/div>\n<\/div>\n<div class=\"content-beneficios-grid\">\n<div class=\"content-ing-beneficios\"><span style=\"color: #ffffff;\"><img decoding=\"async\" src=\"https:\/\/verdesur.com.gt\/images\/capital-1.svg\" loading=\"lazy\" alt=\"\" class=\"image-15\" width=\"42\" height=\"42\" \/>Alta plusval\u00eda de su inversi\u00f3n.<\/span><\/div>\n<\/div>\n<div class=\"content-beneficios-grid\">\n<div class=\"content-ing-beneficios\"><span style=\"color: #ffffff;\"><img decoding=\"async\" src=\"https:\/\/verdesur.com.gt\/images\/Group-980.svg\" loading=\"lazy\" alt=\"\" class=\"image-31\" width=\"38\" height=\"38\" \/>\u00a0 Mejore sus tiempos de entrega<\/span><\/div>\n<\/div>\n<div class=\"content-beneficios-grid\">\n<div class=\"content-ing-beneficios\"><span style=\"color: #ffffff;\"><img decoding=\"async\" src=\"https:\/\/verdesur.com.gt\/images\/Group-991.svg\" loading=\"lazy\" alt=\"\" class=\"image-29\" width=\"35\" height=\"28\" \/>\u00a0Cuenta con \u00e1reas comunes para servicios b\u00e1sicos.<\/span><\/div>\n<\/div>\n<div class=\"content-beneficios-grid\">\n<div class=\"content-ing-beneficios\"><span style=\"color: #ffffff;\"><img decoding=\"async\" src=\"https:\/\/verdesur.com.gt\/images\/surface1.svg\" loading=\"lazy\" alt=\"\" class=\"image-32\" width=\"36\" height=\"32\" \/>\u00a0Amplio y f\u00e1cil parqueo<\/span><\/div>\n<\/div>\n<div class=\"content-beneficios-grid\">\n<div class=\"content-ing-beneficios\"><span style=\"color: #ffffff;\"><img decoding=\"async\" src=\"https:\/\/verdesur.com.gt\/images\/maximize.svg\" loading=\"lazy\" alt=\"\" class=\"image-30\" width=\"35\" height=\"35\" \/>\u00a0Su propio centro log\u00edstico para Sur Occidente<\/span><\/div>\n<\/div>\n<p>[\/et_pb_text][et_pb_wc_description _builder_version=\u00bb4.16&#8243; _module_preset=\u00bbdefault\u00bb global_colors_info=\u00bb{}\u00bb][\/et_pb_wc_description][et_pb_button button_url=\u00bbhttp:\/\/Wa.me\/50254836444\/?text=%20Hola!!%20necesito%20informaci\u00f3n%20sobre%20la%20renta%20de%20la%20bodega%20comercial%20Verde%20Sur\u00bb button_text=\u00bbMas informaci\u00f3n\u00bb button_alignment=\u00bbcenter\u00bb _builder_version=\u00bb4.16&#8243; _module_preset=\u00bb10f46f73-6795-4f83-b0e1-01c54a5251da\u00bb custom_button=\u00bbon\u00bb button_text_size=\u00bb15px\u00bb button_text_color=\u00bb#FFFFFF\u00bb button_bg_color=\u00bb#dca47d\u00bb button_border_width=\u00bb10px\u00bb button_border_color=\u00bb#dca47d\u00bb button_border_radius=\u00bb0px\u00bb button_letter_spacing=\u00bb0.2em\u00bb button_font=\u00bbOswald|||on|\u00bb button_use_icon=\u00bboff\u00bb global_colors_info=\u00bb{%22gcid-b247d7e9-2bbc-48fc-81a8-3cd1da3da572%22:%91%22button_bg_color%22,%22button_border_color%22%93,%22gcid-cda4471f-892e-4743-849d-2cb3737a1499%22:%91%22button_bg_color__hover%22,%22button_border_color__hover%22%93}\u00bb button_bg_color__hover=\u00bb#c99872&#8243; button_bg_color__hover_enabled=\u00bbon|desktop\u00bb button_border_color__hover=\u00bb#c99872&#8243; button_border_color__hover_enabled=\u00bbon|desktop\u00bb][\/et_pb_button][\/et_pb_column][\/et_pb_row][\/et_pb_section][et_pb_section fb_built=\u00bb1&#8243; admin_label=\u00bbMenu\u00bb _builder_version=\u00bb4.25.1&#8243; background_color=\u00bb#242424&#8243; background_image=\u00bbhttps:\/\/laserst.net\/sitio\/wp-content\/uploads\/2024\/04\/Copia-de-Copia-de-Copia-de-Copia-de-Copia-de-Alex-Cindys-Wedding-15.png\u00bb custom_padding=\u00bb61px|||||\u00bb collapsed=\u00bbon\u00bb global_colors_info=\u00bb{}\u00bb][et_pb_row admin_label=\u00bbCoffee items\u00bb _builder_version=\u00bb4.21.0&#8243; global_colors_info=\u00bb{}\u00bb][et_pb_column type=\u00bb4_4&#8243; _builder_version=\u00bb4.16&#8243; custom_padding=\u00bb|||\u00bb global_colors_info=\u00bb{}\u00bb custom_padding__hover=\u00bb|||\u00bb][et_pb_text _builder_version=\u00bb4.25.1&#8243; _module_preset=\u00bbb9959e25-00f7-4291-bda1-4a19c91fac22&#8243; header_5_font=\u00bbOswald|||on|\u00bb header_5_font_size=\u00bb20px\u00bb header_5_letter_spacing=\u00bb1px\u00bb header_5_line_height=\u00bb1.7em\u00bb text_orientation=\u00bbcenter\u00bb min_height=\u00bb559.1px\u00bb custom_margin=\u00bb-116px||2px||false|false\u00bb custom_padding=\u00bb57px|||||\u00bb header_5_font_size_tablet=\u00bb16px\u00bb header_5_font_size_phone=\u00bb15px\u00bb header_5_font_size_last_edited=\u00bbon|phone\u00bb locked=\u00bboff\u00bb global_colors_info=\u00bb{}\u00bb]<\/p>\n<div class=\"slide w-slide\" aria-label=\"1 of 3\" role=\"group\">\n<div class=\"slide-tipo-bodegas\">\n<div class=\"w-layout-grid grid-4\">\n<div id=\"w-node-e9499348-9d7b-31d1-61f9-e2f1c88cf1ea-38a837ee\" class=\"div-block-2\">\n<div>\n<p style=\"text-align: left;\"><span style=\"font-size: x-large;\"><strong style=\"color: #000000; text-align: left;\"><em>\u00c1REA DE CONSTRUCCION<\/em><\/strong><\/span><\/p>\n<p style=\"text-align: left;\"><span style=\"color: #ffffff;\"><em>3<\/em><\/span><em style=\"color: #ffffff; font-size: 19px;\">69\u00a0<strong class=\"bold-text-2\">m\u00b2<\/strong><\/em><\/p>\n<p style=\"text-align: left;\"><span style=\"color: #000000;\"><strong><em><\/em><\/strong><\/span><\/p>\n<p style=\"text-align: left;\"><span style=\"color: #000000;\"><strong><em><\/em><\/strong><\/span><\/p>\n<\/div>\n<div class=\"w-layout-grid grid-5\">\n<div id=\"w-node-dd954c02-3511-3ba8-8c03-f0dfa1063fe7-38a837ee\" class=\"div-block-3\">\n<div class=\"div-block-29\">\n<ul>\n<li style=\"text-align: left;\"><span style=\"color: #000000;\"><em><strong>DIMENSIONES:<\/strong>\u00a0<\/em><\/span><br \/>\n<h2><span style=\"color: #ffffff;\"><strong><em>10.10 x 25 m<\/em><\/strong><\/span><\/h2>\n<\/li>\n<li style=\"text-align: left;\"><em><span style=\"color: #000000;\"><strong>OFICINA EN MEZZANINE:<\/strong><\/span>\u00a0<\/em><br \/>\n<h2><span style=\"color: #ffffff;\"><em>136 m\u00b2<\/em><\/span><\/h2>\n<\/li>\n<li style=\"text-align: left;\"><em><span style=\"color: #000000;\"><strong>ALMACENAJE:<\/strong><\/span>\u00a0<\/em><br \/>\n<h2><span style=\"color: #ffffff;\"><em>117 m\u00b2<\/em><\/span><\/h2>\n<\/li>\n<li style=\"text-align: left;\"><span style=\"color: #000000;\"><em><strong>LOCAL COMERCIAL:<\/strong>\u00a0<\/em><\/span><br \/>\n<h2><span style=\"color: #ffffff;\"><em>116 m\u00b2<\/em><\/span><\/h2>\n<\/li>\n<li>\n<h5 style=\"text-align: left;\"><span style=\"color: #000000;\"><em>PARQUEOS:\u00a0<\/em><\/span><span style=\"color: #ffffff;\"><em>4<\/em><\/span><\/h5>\n<\/li>\n<\/ul>\n<\/div>\n<\/div>\n<\/div>\n<\/div>\n<\/div>\n<\/div>\n<\/div>\n<div class=\"slide-2 w-slide\" aria-label=\"2 of 3\" role=\"group\" aria-hidden=\"true\">\n<div class=\"slide-tipo-bodegas\" aria-hidden=\"true\">\n<div class=\"w-layout-grid grid-4\" aria-hidden=\"true\">\n<div id=\"w-node-e0db39db-2767-f37e-42c6-0ca5c3091584-38a837ee\" aria-hidden=\"true\"><em><img decoding=\"async\" src=\"https:\/\/verdesur.com.gt\/images\/ofibodega.jpg\" loading=\"lazy\" sizes=\"(max-width: 479px) 90vw, (max-width: 767px) 75vw, (max-width: 991px) 77vw, (max-width: 1439px) 79vw, 1140px\" srcset=\"images\/ofibodega-p-500.jpeg 500w, images\/ofibodega-p-800.jpeg 800w, images\/ofibodega.jpg 1140w\" alt=\"\" aria-hidden=\"true\" \/><\/em><\/div>\n<div id=\"w-node-e0db39db-2767-f37e-42c6-0ca5c3091586-38a837ee\" class=\"div-block-2\" aria-hidden=\"true\"><\/div>\n<\/div>\n<\/div>\n<\/div>\n<div class=\"slide-3 w-slide\" aria-label=\"3 of 3\" role=\"group\" aria-hidden=\"true\">\n<div class=\"slide-tipo-bodegas\" aria-hidden=\"true\">\n<div class=\"w-layout-grid grid-4\" aria-hidden=\"true\">\n<div id=\"w-node-_3bf1875c-a111-7f4d-0a28-9baaf6117ab5-38a837ee\" class=\"div-block-2\" aria-hidden=\"true\">\n<h2 class=\"titulo-topos-bodegas\" aria-hidden=\"true\"><\/h2>\n<div class=\"w-layout-grid grid-5\" aria-hidden=\"true\">\n<div id=\"w-node-_3bf1875c-a111-7f4d-0a28-9baaf6117acb-38a837ee\" class=\"div-block-3\" aria-hidden=\"true\">\n<div class=\"text-block-3\" aria-hidden=\"true\"><em><\/em><\/div>\n<\/div>\n<\/div>\n<\/div>\n<\/div>\n<\/div>\n<\/div>\n<p>[\/et_pb_text][\/et_pb_column][\/et_pb_row][et_pb_row _builder_version=\u00bb4.16&#8243; _module_preset=\u00bbdefault\u00bb global_colors_info=\u00bb{}\u00bb][et_pb_column type=\u00bb4_4&#8243; _builder_version=\u00bb4.16&#8243; _module_preset=\u00bbdefault\u00bb global_colors_info=\u00bb{}\u00bb][et_pb_text _builder_version=\u00bb4.16&#8243; _module_preset=\u00bbdefault\u00bb min_height=\u00bb259.6px\u00bb custom_margin=\u00bb-174px||62px|||\u00bb custom_padding=\u00bb65px||0px|||\u00bb global_colors_info=\u00bb{}\u00bb]<\/p>\n<h2 data-w-id=\"e580f3a4-a04d-d3f7-32f9-1df144623167\" class=\"heading-3\"><span style=\"color: #ffffff;\">UBICACI\u00d3N<\/span><\/h2>\n<h2 data-w-id=\"23c2616b-700b-6db1-4d76-3654ef193474\" class=\"heading-4\"><span style=\"color: #ffffff;\">Km 162.5<\/span><\/h2>\n<h2 data-w-id=\"7a9f7023-8417-2ad0-4e2a-e5251e040995\" class=\"heading-5\"><span style=\"color: #ffffff;\">Circunvalaci\u00f3n de Mazatenango<\/span><\/h2>\n<p data-w-id=\"eeb9b97b-c58e-df63-f57f-29bcdd397db4\" class=\"paragraph-2\"><span style=\"color: #000000;\">El proyecto est\u00e1 ubicado en el kil\u00f3metro 162.5 de la ruta CA-2. A 250m de la Gasolinera Shell el tri\u00e1ngulo, contiguo al restaurante Don Carlos.<\/span><\/p>\n<p>[\/et_pb_text][et_pb_gallery gallery_ids=\u00bb2494,2496,2497,2492&#8243; fullwidth=\u00bbon\u00bb dbdb_version=\u00bb4.0.1&#8243; _builder_version=\u00bb4.25.1&#8243; _module_preset=\u00bbdefault\u00bb global_colors_info=\u00bb{}\u00bb][\/et_pb_gallery][\/et_pb_column][\/et_pb_row][et_pb_row admin_label=\u00bbCTA Button\u00bb _builder_version=\u00bb4.21.0&#8243; global_colors_info=\u00bb{}\u00bb][et_pb_column type=\u00bb4_4&#8243; _builder_version=\u00bb4.16&#8243; custom_padding=\u00bb|||\u00bb global_colors_info=\u00bb{}\u00bb custom_padding__hover=\u00bb|||\u00bb][et_pb_button button_url=\u00bbhttp:\/\/Wa.me\/50254836444\/?text=%20Hola!!%20necesito%20informaci\u00f3n%20sobre%20la%20renta%20de%20la%20bodega%20comercial%20Verde%20Sur\u00bb button_text=\u00bbM\u00e1s informaci\u00f3n\u00bb button_alignment=\u00bbcenter\u00bb _builder_version=\u00bb4.16&#8243; _module_preset=\u00bb10f46f73-6795-4f83-b0e1-01c54a5251da\u00bb custom_button=\u00bbon\u00bb button_text_size=\u00bb15px\u00bb button_text_color=\u00bb#FFFFFF\u00bb button_bg_color=\u00bb#dca47d\u00bb button_border_width=\u00bb10px\u00bb button_border_color=\u00bb#dca47d\u00bb button_border_radius=\u00bb0px\u00bb button_letter_spacing=\u00bb0.2em\u00bb button_font=\u00bbOswald|||on|\u00bb button_use_icon=\u00bboff\u00bb button_border_color_hover=\u00bb#c99872&#8243; button_border_radius_hover=\u00bb0px\u00bb button_letter_spacing_hover=\u00bb3px\u00bb button_bg_color_hover=\u00bb#c99872&#8243; global_colors_info=\u00bb{%22gcid-b247d7e9-2bbc-48fc-81a8-3cd1da3da572%22:%91%22button_bg_color%22,%22button_border_color%22%93,%22gcid-cda4471f-892e-4743-849d-2cb3737a1499%22:%91%22button_bg_color__hover%22,%22button_border_color__hover%22%93}\u00bb button_bg_color__hover=\u00bb#c99872&#8243; button_bg_color__hover_enabled=\u00bbon|desktop\u00bb button_border_color__hover=\u00bb#c99872&#8243; button_border_color__hover_enabled=\u00bbon|desktop\u00bb button_one_text_size__hover_enabled=\u00bboff\u00bb button_two_text_size__hover_enabled=\u00bboff\u00bb button_one_text_color__hover_enabled=\u00bboff\u00bb button_two_text_color__hover_enabled=\u00bboff\u00bb button_one_border_width__hover_enabled=\u00bboff\u00bb button_two_border_width__hover_enabled=\u00bboff\u00bb button_one_border_color__hover_enabled=\u00bboff\u00bb button_two_border_color__hover_enabled=\u00bboff\u00bb button_one_border_radius__hover_enabled=\u00bboff\u00bb button_two_border_radius__hover_enabled=\u00bboff\u00bb button_one_letter_spacing__hover_enabled=\u00bboff\u00bb button_two_letter_spacing__hover_enabled=\u00bboff\u00bb button_one_bg_color__hover_enabled=\u00bboff\u00bb button_two_bg_color__hover_enabled=\u00bboff\u00bb][\/et_pb_button][\/et_pb_column][\/et_pb_row][\/et_pb_section][et_pb_section fb_built=\u00bb1&#8243; _builder_version=\u00bb4.25.1&#8243; _module_preset=\u00bbdefault\u00bb global_colors_info=\u00bb{}\u00bb][\/et_pb_section]<\/p>\n","protected":false},"excerpt":{"rendered":"<p>Renta Bodega Comercial Verde SurUbicados en la costa sur Occidente\u00a0 \u00a0 Garantice el abastecimiento de sus productos. \u00a0 Alta seguridad de su negocio \u00a0 Optimice sus costos de distribuci\u00f3n. Alta plusval\u00eda de su inversi\u00f3n. \u00a0 Mejore sus tiempos de entrega \u00a0Cuenta con \u00e1reas comunes para servicios b\u00e1sicos. \u00a0Amplio y f\u00e1cil parqueo \u00a0Su propio centro log\u00edstico [&hellip;]<\/p>\n","protected":false},"featured_media":0,"comment_status":"open","ping_status":"closed","template":"","meta":{"_et_pb_use_builder":"on","_et_pb_old_content":"","_et_gb_content_width":""},"product_brand":[],"product_cat":[56],"product_tag":[],"class_list":{"0":"post-2461","1":"product","2":"type-product","3":"status-publish","5":"product_cat-sin-categorizar","7":"first","8":"instock","9":"shipping-taxable","10":"product-type-simple"},"yoast_head":"<!-- This site is optimized with the Yoast SEO plugin v27.4 - https:\/\/yoast.com\/product\/yoast-seo-wordpress\/ -->\n<title>RENTA BODEGA VERDE SUR - Venta de fotocopiadoras, impresoras y multifuncionales en Guatemala, toners y servicio t\u00e9cnico.<\/title>\n<meta name=\"robots\" content=\"index, follow, max-snippet:-1, max-image-preview:large, max-video-preview:-1\" \/>\n<link rel=\"canonical\" href=\"https:\/\/laserst.net\/sitio\/catalogo\/renta-bodega-verde-sur\/\" \/>\n<meta property=\"og:locale\" content=\"es_ES\" \/>\n<meta property=\"og:type\" content=\"article\" \/>\n<meta property=\"og:title\" content=\"RENTA BODEGA VERDE SUR - Venta de fotocopiadoras, impresoras y multifuncionales en Guatemala, toners y servicio t\u00e9cnico.\" \/>\n<meta property=\"og:description\" content=\"Renta Bodega Comercial Verde SurUbicados en la costa sur Occidente\u00a0 \u00a0 Garantice el abastecimiento de sus productos. \u00a0 Alta seguridad de su negocio \u00a0 Optimice sus costos de distribuci\u00f3n. Alta plusval\u00eda de su inversi\u00f3n. \u00a0 Mejore sus tiempos de entrega \u00a0Cuenta con \u00e1reas comunes para servicios b\u00e1sicos. \u00a0Amplio y f\u00e1cil parqueo \u00a0Su propio centro log\u00edstico [&hellip;]\" \/>\n<meta property=\"og:url\" content=\"https:\/\/laserst.net\/sitio\/catalogo\/renta-bodega-verde-sur\/\" \/>\n<meta property=\"og:site_name\" content=\"Venta de fotocopiadoras, impresoras y multifuncionales en Guatemala, toners y servicio t\u00e9cnico.\" \/>\n<meta property=\"article:publisher\" content=\"https:\/\/www.facebook.com\/laserstguatemala\" \/>\n<meta property=\"article:modified_time\" content=\"2024-05-16T22:26:40+00:00\" \/>\n<meta property=\"og:image\" content=\"https:\/\/verdesur.com.gt\/images\/Group-973.svg\" \/>\n<meta name=\"twitter:label1\" content=\"Tiempo de lectura\" \/>\n\t<meta name=\"twitter:data1\" content=\"1 minuto\" \/>\n<script type=\"application\/ld+json\" class=\"yoast-schema-graph\">{\"@context\":\"https:\\\/\\\/schema.org\",\"@graph\":[{\"@type\":\"WebPage\",\"@id\":\"https:\\\/\\\/laserst.net\\\/sitio\\\/catalogo\\\/renta-bodega-verde-sur\\\/\",\"url\":\"https:\\\/\\\/laserst.net\\\/sitio\\\/catalogo\\\/renta-bodega-verde-sur\\\/\",\"name\":\"RENTA BODEGA VERDE SUR - Venta de fotocopiadoras, impresoras y multifuncionales en Guatemala, toners y servicio t\u00e9cnico.\",\"isPartOf\":{\"@id\":\"https:\\\/\\\/laserst.net\\\/sitio\\\/#website\"},\"primaryImageOfPage\":{\"@id\":\"https:\\\/\\\/laserst.net\\\/sitio\\\/catalogo\\\/renta-bodega-verde-sur\\\/#primaryimage\"},\"image\":{\"@id\":\"https:\\\/\\\/laserst.net\\\/sitio\\\/catalogo\\\/renta-bodega-verde-sur\\\/#primaryimage\"},\"thumbnailUrl\":\"https:\\\/\\\/verdesur.com.gt\\\/images\\\/Group-973.svg\",\"datePublished\":\"2024-04-24T16:57:35+00:00\",\"dateModified\":\"2024-05-16T22:26:40+00:00\",\"breadcrumb\":{\"@id\":\"https:\\\/\\\/laserst.net\\\/sitio\\\/catalogo\\\/renta-bodega-verde-sur\\\/#breadcrumb\"},\"inLanguage\":\"es\",\"potentialAction\":[{\"@type\":\"ReadAction\",\"target\":[\"https:\\\/\\\/laserst.net\\\/sitio\\\/catalogo\\\/renta-bodega-verde-sur\\\/\"]}]},{\"@type\":\"ImageObject\",\"inLanguage\":\"es\",\"@id\":\"https:\\\/\\\/laserst.net\\\/sitio\\\/catalogo\\\/renta-bodega-verde-sur\\\/#primaryimage\",\"url\":\"https:\\\/\\\/verdesur.com.gt\\\/images\\\/Group-973.svg\",\"contentUrl\":\"https:\\\/\\\/verdesur.com.gt\\\/images\\\/Group-973.svg\"},{\"@type\":\"BreadcrumbList\",\"@id\":\"https:\\\/\\\/laserst.net\\\/sitio\\\/catalogo\\\/renta-bodega-verde-sur\\\/#breadcrumb\",\"itemListElement\":[{\"@type\":\"ListItem\",\"position\":1,\"name\":\"Cat\u00e1logo\",\"item\":\"https:\\\/\\\/laserst.net\\\/sitio\\\/catalogo\\\/\"},{\"@type\":\"ListItem\",\"position\":2,\"name\":\"RENTA BODEGA VERDE SUR\"}]},{\"@type\":\"WebSite\",\"@id\":\"https:\\\/\\\/laserst.net\\\/sitio\\\/#website\",\"url\":\"https:\\\/\\\/laserst.net\\\/sitio\\\/\",\"name\":\"Venta de fotocopiadoras, impresoras y multifuncionales en Guatemala, toners y servicio t\u00e9cnico.\",\"description\":\"Impresoras y Fotocopiadoras de Guatemala\",\"potentialAction\":[{\"@type\":\"SearchAction\",\"target\":{\"@type\":\"EntryPoint\",\"urlTemplate\":\"https:\\\/\\\/laserst.net\\\/sitio\\\/?s={search_term_string}\"},\"query-input\":{\"@type\":\"PropertyValueSpecification\",\"valueRequired\":true,\"valueName\":\"search_term_string\"}}],\"inLanguage\":\"es\"}]}<\/script>\n<!-- \/ Yoast SEO plugin. -->","yoast_head_json":{"title":"RENTA BODEGA VERDE SUR - Venta de fotocopiadoras, impresoras y multifuncionales en Guatemala, toners y servicio t\u00e9cnico.","robots":{"index":"index","follow":"follow","max-snippet":"max-snippet:-1","max-image-preview":"max-image-preview:large","max-video-preview":"max-video-preview:-1"},"canonical":"https:\/\/laserst.net\/sitio\/catalogo\/renta-bodega-verde-sur\/","og_locale":"es_ES","og_type":"article","og_title":"RENTA BODEGA VERDE SUR - Venta de fotocopiadoras, impresoras y multifuncionales en Guatemala, toners y servicio t\u00e9cnico.","og_description":"Renta Bodega Comercial Verde SurUbicados en la costa sur Occidente\u00a0 \u00a0 Garantice el abastecimiento de sus productos. \u00a0 Alta seguridad de su negocio \u00a0 Optimice sus costos de distribuci\u00f3n. Alta plusval\u00eda de su inversi\u00f3n. \u00a0 Mejore sus tiempos de entrega \u00a0Cuenta con \u00e1reas comunes para servicios b\u00e1sicos. \u00a0Amplio y f\u00e1cil parqueo \u00a0Su propio centro log\u00edstico [&hellip;]","og_url":"https:\/\/laserst.net\/sitio\/catalogo\/renta-bodega-verde-sur\/","og_site_name":"Venta de fotocopiadoras, impresoras y multifuncionales en Guatemala, toners y servicio t\u00e9cnico.","article_publisher":"https:\/\/www.facebook.com\/laserstguatemala","article_modified_time":"2024-05-16T22:26:40+00:00","og_image":[{"url":"https:\/\/verdesur.com.gt\/images\/Group-973.svg","type":"","width":"","height":""}],"twitter_misc":{"Tiempo de lectura":"1 minuto"},"schema":{"@context":"https:\/\/schema.org","@graph":[{"@type":"WebPage","@id":"https:\/\/laserst.net\/sitio\/catalogo\/renta-bodega-verde-sur\/","url":"https:\/\/laserst.net\/sitio\/catalogo\/renta-bodega-verde-sur\/","name":"RENTA BODEGA VERDE SUR - Venta de fotocopiadoras, impresoras y multifuncionales en Guatemala, toners y servicio t\u00e9cnico.","isPartOf":{"@id":"https:\/\/laserst.net\/sitio\/#website"},"primaryImageOfPage":{"@id":"https:\/\/laserst.net\/sitio\/catalogo\/renta-bodega-verde-sur\/#primaryimage"},"image":{"@id":"https:\/\/laserst.net\/sitio\/catalogo\/renta-bodega-verde-sur\/#primaryimage"},"thumbnailUrl":"https:\/\/verdesur.com.gt\/images\/Group-973.svg","datePublished":"2024-04-24T16:57:35+00:00","dateModified":"2024-05-16T22:26:40+00:00","breadcrumb":{"@id":"https:\/\/laserst.net\/sitio\/catalogo\/renta-bodega-verde-sur\/#breadcrumb"},"inLanguage":"es","potentialAction":[{"@type":"ReadAction","target":["https:\/\/laserst.net\/sitio\/catalogo\/renta-bodega-verde-sur\/"]}]},{"@type":"ImageObject","inLanguage":"es","@id":"https:\/\/laserst.net\/sitio\/catalogo\/renta-bodega-verde-sur\/#primaryimage","url":"https:\/\/verdesur.com.gt\/images\/Group-973.svg","contentUrl":"https:\/\/verdesur.com.gt\/images\/Group-973.svg"},{"@type":"BreadcrumbList","@id":"https:\/\/laserst.net\/sitio\/catalogo\/renta-bodega-verde-sur\/#breadcrumb","itemListElement":[{"@type":"ListItem","position":1,"name":"Cat\u00e1logo","item":"https:\/\/laserst.net\/sitio\/catalogo\/"},{"@type":"ListItem","position":2,"name":"RENTA BODEGA VERDE SUR"}]},{"@type":"WebSite","@id":"https:\/\/laserst.net\/sitio\/#website","url":"https:\/\/laserst.net\/sitio\/","name":"Venta de fotocopiadoras, impresoras y multifuncionales en Guatemala, toners y servicio t\u00e9cnico.","description":"Impresoras y Fotocopiadoras de Guatemala","potentialAction":[{"@type":"SearchAction","target":{"@type":"EntryPoint","urlTemplate":"https:\/\/laserst.net\/sitio\/?s={search_term_string}"},"query-input":{"@type":"PropertyValueSpecification","valueRequired":true,"valueName":"search_term_string"}}],"inLanguage":"es"}]}},"jetpack_sharing_enabled":true,"_links":{"self":[{"href":"https:\/\/laserst.net\/sitio\/wp-json\/wp\/v2\/product\/2461","targetHints":{"allow":["GET"]}}],"collection":[{"href":"https:\/\/laserst.net\/sitio\/wp-json\/wp\/v2\/product"}],"about":[{"href":"https:\/\/laserst.net\/sitio\/wp-json\/wp\/v2\/types\/product"}],"replies":[{"embeddable":true,"href":"https:\/\/laserst.net\/sitio\/wp-json\/wp\/v2\/comments?post=2461"}],"wp:attachment":[{"href":"https:\/\/laserst.net\/sitio\/wp-json\/wp\/v2\/media?parent=2461"}],"wp:term":[{"taxonomy":"product_brand","embeddable":true,"href":"https:\/\/laserst.net\/sitio\/wp-json\/wp\/v2\/product_brand?post=2461"},{"taxonomy":"product_cat","embeddable":true,"href":"https:\/\/laserst.net\/sitio\/wp-json\/wp\/v2\/product_cat?post=2461"},{"taxonomy":"product_tag","embeddable":true,"href":"https:\/\/laserst.net\/sitio\/wp-json\/wp\/v2\/product_tag?post=2461"}],"curies":[{"name":"wp","href":"https:\/\/api.w.org\/{rel}","templated":true}]}}