{"id":1726,"date":"2020-09-22T15:37:02","date_gmt":"2020-09-22T21:37:02","guid":{"rendered":"https:\/\/laserst.net\/sitio\/?post_type=product&#038;p=1726"},"modified":"2024-09-10T09:23:02","modified_gmt":"2024-09-10T15:23:02","slug":"canon-mf455dw","status":"publish","type":"product","link":"https:\/\/laserst.net\/sitio\/catalogo\/canon-mf455dw\/","title":{"rendered":"CANON MF455DW"},"content":{"rendered":"<p>[et_pb_section fb_built=\u00bb1&#8243; fullwidth=\u00bbon\u00bb admin_label=\u00bbHero Section\u00bb _builder_version=\u00bb4.16&#8243; background_color=\u00bb#101535&#8243; background_image=\u00bbhttps:\/\/laserst.net\/sitio\/wp-content\/uploads\/2019\/10\/crypto-bg-02.png\u00bb parallax=\u00bbon\u00bb custom_margin=\u00bb|||\u00bb custom_padding=\u00bb|||\u00bb global_colors_info=\u00bb{}\u00bb][et_pb_fullwidth_header title=\u00bbCANON MF455DW\u00bb text_orientation=\u00bbcenter\u00bb button_one_url=\u00bbbalvarez@laserst.net\u00bb button_two_text=\u00bb Escribenos por WhatsApp \u00bb button_two_url=\u00bbhttps:\/\/wa.me\/p\/3777752355624580\/50242458596&#8243; _builder_version=\u00bb4.16&#8243; title_font=\u00bbTitillium Web||||||||\u00bb title_font_size=\u00bb66px\u00bb title_line_height=\u00bb1.5em\u00bb content_font=\u00bb||||||||\u00bb content_font_size=\u00bb18px\u00bb content_line_height=\u00bb2em\u00bb background_color=\u00bbrgba(0,0,0,0)\u00bb use_background_color_gradient=\u00bbon\u00bb background_color_gradient_stops=\u00bbrgba(16,21,53,0) 50%|#101535 100%\u00bb background_color_gradient_start=\u00bbrgba(16,21,53,0)\u00bb background_color_gradient_start_position=\u00bb50%\u00bb background_color_gradient_end=\u00bb#101535&#8243; background_image=\u00bbhttps:\/\/laserst.net\/sitio\/wp-content\/uploads\/2019\/10\/Crypto_Illustration_07-1.png\u00bb background_position=\u00bbbottom_center\u00bb custom_button_one=\u00bbon\u00bb button_one_text_size=\u00bb13px\u00bb button_one_bg_color=\u00bb#4328b7&#8243; button_one_border_width=\u00bb10px\u00bb button_one_border_color=\u00bb#4328b7&#8243; button_one_border_radius=\u00bb0px\u00bb button_one_letter_spacing=\u00bb2px\u00bb button_one_font=\u00bbTitillium Web|700||on|||||\u00bb custom_button_two=\u00bbon\u00bb button_two_text_size=\u00bb13px\u00bb button_two_text_color=\u00bb#4328b7&#8243; button_two_bg_color=\u00bb#ffffff\u00bb button_two_border_width=\u00bb10px\u00bb button_two_border_color=\u00bb#ffffff\u00bb button_two_border_radius=\u00bb0px\u00bb button_two_letter_spacing=\u00bb2px\u00bb button_two_font=\u00bbTitillium Web|700||on|||||\u00bb custom_margin=\u00bb||-771px|||\u00bb custom_padding=\u00bb5vw||40vw||false\u00bb animation_style=\u00bbslide\u00bb animation_direction=\u00bbbottom\u00bb animation_duration=\u00bb1500ms\u00bb animation_intensity_slide=\u00bb2%\u00bb title_font_size_tablet=\u00bb40px\u00bb title_font_size_phone=\u00bb\u00bb title_font_size_last_edited=\u00bbon|phone\u00bb content_font_size_tablet=\u00bb\u00bb content_font_size_phone=\u00bb15px\u00bb content_font_size_last_edited=\u00bbon|phone\u00bb button_one_letter_spacing_hover=\u00bb2px\u00bb button_two_letter_spacing_hover=\u00bb2px\u00bb global_colors_info=\u00bb{}\u00bb button_one_text_size__hover_enabled=\u00bboff\u00bb button_two_text_size__hover_enabled=\u00bboff\u00bb button_one_text_color__hover_enabled=\u00bboff\u00bb button_two_text_color__hover_enabled=\u00bboff\u00bb button_one_border_width__hover_enabled=\u00bboff\u00bb button_two_border_width__hover_enabled=\u00bboff\u00bb button_one_border_color__hover_enabled=\u00bboff\u00bb button_two_border_color__hover_enabled=\u00bboff\u00bb button_one_border_radius__hover_enabled=\u00bboff\u00bb button_two_border_radius__hover_enabled=\u00bboff\u00bb button_one_letter_spacing__hover_enabled=\u00bbon\u00bb button_one_letter_spacing__hover=\u00bb2px\u00bb button_two_letter_spacing__hover_enabled=\u00bbon\u00bb button_two_letter_spacing__hover=\u00bb2px\u00bb button_one_bg_color__hover_enabled=\u00bboff\u00bb button_two_bg_color__hover_enabled=\u00bboff\u00bb]<\/p>\n<p><img loading=\"lazy\" decoding=\"async\" class=\"wp-image-1486 alignnone size-medium\" src=\"https:\/\/laserst.net\/sitio\/wp-content\/uploads\/2019\/10\/424-2-500x433.png\" alt=\"\" width=\"500\" height=\"433\" srcset=\"https:\/\/laserst.net\/sitio\/wp-content\/uploads\/2019\/10\/424-2-500x433.png 500w, https:\/\/laserst.net\/sitio\/wp-content\/uploads\/2019\/10\/424-2-480x415.png 480w\" sizes=\"(min-width: 0px) and (max-width: 480px) 480px, (min-width: 481px) 500px, 100vw\" \/><\/p>\n<p>&nbsp;<\/p>\n<p style=\"text-align: left;\">CARACTERISTICAS<\/p>\n<ul>\n<li style=\"text-align: left;\"><strong>Fotocopiadora, Impresora, Esc\u00e1ner, Fax<\/strong><\/li>\n<li style=\"text-align: left;\"><strong>40 copias por minuto<\/strong><\/li>\n<li style=\"text-align: left;\"><strong>WiFi<\/strong><\/li>\n<li style=\"text-align: left;\"><strong>Alimentador de Originales dual (pasa una ves escanea ambas caras)<\/strong><\/li>\n<li style=\"text-align: left;\"><strong>Bandeja principal para 250 hojas<\/strong><\/li>\n<li style=\"text-align: left;\"><strong>Bandeja de Bypass para 150 hojas<\/strong><\/li>\n<li style=\"text-align: left;\"><strong>Cristal A4, copias oficio a trav\u00e9s de su alimentador de originales<\/strong><\/li>\n<li style=\"text-align: left;\"><strong>Ampliaciones y reducciones<\/strong><\/li>\n<li style=\"text-align: left;\"><strong>Ahorro de energ\u00eda<\/strong><\/li>\n<li style=\"text-align: left;\"><strong>Capacidad mensual recomendada 4,000 p\u00e1ginas <\/strong><\/li>\n<li style=\"text-align: left;\"><strong>Esc\u00e1ner e impresi\u00f3n desde memoria USB, Archivos formatos PDF y JPG<\/strong><\/li>\n<li style=\"text-align: left;\"><strong>Conectividad USB, Red, WiFi<\/strong><\/li>\n<li style=\"text-align: left;\"><strong>Escaner a la PC, Mail, USB<\/strong><\/li>\n<li style=\"text-align: left;\"><strong>Copia de DPI<\/strong><\/li>\n<li style=\"text-align: left;\"><strong>Impresi\u00f3n M\u00f3vil <\/strong><\/li>\n<li style=\"text-align: left;\"><strong>Equipo libre de mantenimiento con relaci\u00f3n a cambio de repuestos<\/strong><\/li>\n<li style=\"text-align: left;\"><strong>Cristal tama\u00f1o carta<\/strong><\/li>\n<li style=\"text-align: left;\"><strong>Copias oficio a trav\u00e9s de su alimentador de originales<\/strong><\/li>\n<\/ul>\n<p>[\/et_pb_fullwidth_header][\/et_pb_section][et_pb_section fb_built=\u00bb1&#8243; _builder_version=\u00bb4.16&#8243; background_color=\u00bb#101535&#8243; min_height=\u00bb2054.2px\u00bb custom_margin=\u00bb461px|||||\u00bb custom_padding=\u00bb111px|||||\u00bb global_colors_info=\u00bb{}\u00bb][et_pb_row _builder_version=\u00bb4.16&#8243; custom_width_px=\u00bb1440px\u00bb global_colors_info=\u00bb{}\u00bb][et_pb_column type=\u00bb4_4&#8243; _builder_version=\u00bb4.16&#8243; custom_padding=\u00bb|||\u00bb global_colors_info=\u00bb{}\u00bb custom_padding__hover=\u00bb|||\u00bb][et_pb_blurb title=\u00bbEl equipo ideal para tu oficina\u00bb url=\u00bbhttps:\/\/wa.me\/p\/2614826078582582\/50242458596&#8243; _builder_version=\u00bb4.16&#8243; header_font=\u00bbTitillium Web|700||on|||||\u00bb header_font_size=\u00bb14px\u00bb header_letter_spacing=\u00bb2px\u00bb header_line_height=\u00bb1.8em\u00bb body_font=\u00bbSource Sans Pro||||||||\u00bb body_text_color=\u00bbrgba(255,255,255,0.7)\u00bb body_font_size=\u00bb16px\u00bb body_line_height=\u00bb1.8em\u00bb background_color=\u00bbrgba(60,60,200,0.2)\u00bb text_orientation=\u00bbcenter\u00bb background_layout=\u00bbdark\u00bb min_height=\u00bb93.3px\u00bb custom_margin=\u00bb-35px|||||\u00bb custom_padding=\u00bb30px|16px|30px|16px\u00bb animation_style=\u00bbfold\u00bb border_width_all=\u00bb2px\u00bb border_color_all=\u00bb#4328B7&#8243; box_shadow_style=\u00bbpreset1&#8243; box_shadow_blur=\u00bb60px\u00bb box_shadow_color=\u00bbrgba(60,60,200,0.4)\u00bb locked=\u00bboff\u00bb global_colors_info=\u00bb{}\u00bb]<iframe loading=\"lazy\" title=\"CANON MF445DW\" width=\"1080\" height=\"810\" src=\"https:\/\/www.youtube.com\/embed\/kIEmzNTSa-s?feature=oembed\"  allow=\"accelerometer; autoplay; clipboard-write; encrypted-media; gyroscope; picture-in-picture; web-share\" referrerpolicy=\"strict-origin-when-cross-origin\" allowfullscreen><\/iframe><br \/>\n[\/et_pb_blurb][et_pb_blurb title=\u00bbPantalla T\u00e1ctil \u00bb url=\u00bbhttps:\/\/wa.me\/p\/2655658364560993\/50242458596&#8243; _builder_version=\u00bb4.16&#8243; header_font=\u00bbTitillium Web|700||on|||||\u00bb header_font_size=\u00bb14px\u00bb header_letter_spacing=\u00bb2px\u00bb header_line_height=\u00bb1.8em\u00bb body_font=\u00bbSource Sans Pro||||||||\u00bb body_text_color=\u00bbrgba(255,255,255,0.7)\u00bb body_font_size=\u00bb16px\u00bb body_line_height=\u00bb1.8em\u00bb background_color=\u00bbrgba(60,60,200,0.2)\u00bb text_orientation=\u00bbcenter\u00bb background_layout=\u00bbdark\u00bb custom_padding=\u00bb30px|16px|30px|16px\u00bb animation_style=\u00bbfold\u00bb animation_delay=\u00bb300ms\u00bb link_option_url=\u00bbhttps:\/\/wa.me\/p\/2655658364560993\/50242458596&#8243; border_width_all=\u00bb2px\u00bb border_color_all=\u00bb#4328B7&#8243; box_shadow_style=\u00bbpreset1&#8243; box_shadow_blur=\u00bb60px\u00bb box_shadow_color=\u00bbrgba(60,60,200,0.4)\u00bb locked=\u00bboff\u00bb global_colors_info=\u00bb{}\u00bb]<img loading=\"lazy\" decoding=\"async\" class=\"wp-image-1483 alignnone size-full\" src=\"https:\/\/laserst.net\/sitio\/wp-content\/uploads\/2019\/10\/pantalla-1.png\" alt=\"\" width=\"280\" height=\"169\" \/><br \/>\n[\/et_pb_blurb][et_pb_blurb title=\u00bbImpresi\u00f3n Movil\u00bb url=\u00bbhttps:\/\/wa.me\/p\/2655658364560993\/50242458596&#8243; _builder_version=\u00bb4.16&#8243; header_font=\u00bbTitillium Web|700||on|||||\u00bb header_font_size=\u00bb14px\u00bb header_letter_spacing=\u00bb2px\u00bb header_line_height=\u00bb1.8em\u00bb body_font=\u00bbSource Sans Pro||||||||\u00bb body_text_color=\u00bbrgba(255,255,255,0.7)\u00bb body_font_size=\u00bb16px\u00bb body_line_height=\u00bb1.8em\u00bb background_color=\u00bbrgba(60,60,200,0.2)\u00bb text_orientation=\u00bbcenter\u00bb background_layout=\u00bbdark\u00bb custom_padding=\u00bb30px|16px|30px|16px\u00bb animation_style=\u00bbfold\u00bb animation_delay=\u00bb300ms\u00bb link_option_url=\u00bbhttps:\/\/wa.me\/p\/2655658364560993\/50242458596&#8243; border_width_all=\u00bb2px\u00bb border_color_all=\u00bb#4328B7&#8243; box_shadow_style=\u00bbpreset1&#8243; box_shadow_blur=\u00bb60px\u00bb box_shadow_color=\u00bbrgba(60,60,200,0.4)\u00bb locked=\u00bboff\u00bb global_colors_info=\u00bb{}\u00bb]<img loading=\"lazy\" decoding=\"async\" class=\"wp-image-1469 alignnone size-full\" src=\"https:\/\/laserst.net\/sitio\/wp-content\/uploads\/2019\/10\/movil-impre.png\" alt=\"\" width=\"298\" height=\"169\" \/><br \/>\n[\/et_pb_blurb][et_pb_blurb title=\u00bbImpresi\u00f3n desde memoria USB (PDF,JPG)\u00bb url=\u00bbhttps:\/\/wa.me\/p\/2655658364560993\/50242458596&#8243; _builder_version=\u00bb4.16&#8243; header_font=\u00bbTitillium Web|700||on|||||\u00bb header_font_size=\u00bb14px\u00bb header_letter_spacing=\u00bb2px\u00bb header_line_height=\u00bb1.8em\u00bb body_font=\u00bbSource Sans Pro||||||||\u00bb body_text_color=\u00bbrgba(255,255,255,0.7)\u00bb body_font_size=\u00bb16px\u00bb body_line_height=\u00bb1.8em\u00bb background_color=\u00bbrgba(60,60,200,0.2)\u00bb text_orientation=\u00bbcenter\u00bb background_layout=\u00bbdark\u00bb custom_padding=\u00bb30px|16px|30px|16px\u00bb animation_style=\u00bbfold\u00bb link_option_url=\u00bbhttps:\/\/wa.me\/p\/2655658364560993\/50242458596&#8243; border_width_all=\u00bb2px\u00bb border_color_all=\u00bb#4328B7&#8243; box_shadow_style=\u00bbpreset1&#8243; box_shadow_blur=\u00bb60px\u00bb box_shadow_color=\u00bbrgba(60,60,200,0.4)\u00bb locked=\u00bboff\u00bb global_colors_info=\u00bb{}\u00bb]<img loading=\"lazy\" decoding=\"async\" class=\"wp-image-1474 alignnone size-medium\" src=\"https:\/\/laserst.net\/sitio\/wp-content\/uploads\/2019\/10\/usb-1-500x337.png\" alt=\"\" width=\"500\" height=\"337\" srcset=\"https:\/\/laserst.net\/sitio\/wp-content\/uploads\/2019\/10\/usb-1-500x337.png 500w, https:\/\/laserst.net\/sitio\/wp-content\/uploads\/2019\/10\/usb-1-480x324.png 480w\" sizes=\"(min-width: 0px) and (max-width: 480px) 480px, (min-width: 481px) 500px, 100vw\" \/><br \/>\n[\/et_pb_blurb][\/et_pb_column][\/et_pb_row][et_pb_row column_structure=\u00bb1_2,1_2&#8243; _builder_version=\u00bb4.16&#8243; _module_preset=\u00bbdefault\u00bb global_colors_info=\u00bb{}\u00bb][et_pb_column type=\u00bb1_2&#8243; _builder_version=\u00bb4.16&#8243; _module_preset=\u00bbdefault\u00bb global_colors_info=\u00bb{}\u00bb][et_pb_cta button_url=\u00bbhttps:\/\/wa.me\/p\/3777752355624580\/50242458596&#8243; _builder_version=\u00bb4.16&#8243; _module_preset=\u00bbdefault\u00bb background_color=\u00bb#053656&#8243; custom_margin=\u00bb||-40px|||\u00bb custom_padding=\u00bb||27px|||\u00bb link_option_url=\u00bbhttps:\/\/wa.me\/p\/3777752355624580\/50242458596&#8243; global_colors_info=\u00bb{}\u00bb]<\/p>\n<h3 style=\"text-align: center;\"><span style=\"font-size: xx-large;\">WhatsApp<\/span><\/h3>\n<h3 style=\"text-align: center;\"><span style=\"font-size: xx-large;\">4245-8596<\/span><\/h3>\n<p><img loading=\"lazy\" decoding=\"async\" class=\"wp-image-1617 alignnone size-medium\" src=\"https:\/\/laserst.net\/sitio\/wp-content\/uploads\/2020\/09\/whatsapp-01.jpg-500x441.png\" alt=\"\" width=\"145\" height=\"128\" \/><br \/>\n[\/et_pb_cta][\/et_pb_column][et_pb_column type=\u00bb1_2&#8243; _builder_version=\u00bb4.16&#8243; _module_preset=\u00bbdefault\u00bb global_colors_info=\u00bb{}\u00bb][et_pb_code _builder_version=\u00bb4.16&#8243; _module_preset=\u00bbdefault\u00bb background_color=\u00bb#053656&#8243; use_background_color_gradient=\u00bbon\u00bb background_color_gradient_stops=\u00bb#053656 0%|#053656 100%\u00bb background_color_gradient_start=\u00bb#053656&#8243; background_color_gradient_end=\u00bb#053656&#8243; background_enable_image=\u00bboff\u00bb min_height=\u00bb290px\u00bb custom_margin=\u00bb-3px||-56px|||\u00bb custom_padding=\u00bb||43px|||\u00bb animation_style=\u00bbfade\u00bb global_colors_info=\u00bb{}\u00bb]<\/p>\n<h1 style=\"text-align: center;\"><strong><span style=\"color: white;\">\u00a1llama Ahora ! <\/span> <\/strong><\/h1>\n<p><!-- [et_pb_line_break_holder] --><!-- [et_pb_line_break_holder] --><!-- [et_pb_line_break_holder] --><!-- [et_pb_line_break_holder] --><!-- [et_pb_line_break_holder] --><\/p>\n<h1 style=\"text-align: center;\"><strong><span style=\"color: white;\">Tel: 2323-8909<\/span><\/strong><\/h1>\n<p><!-- [et_pb_line_break_holder] --><!-- [et_pb_line_break_holder] --><!-- [et_pb_line_break_holder] --><!-- [et_pb_line_break_holder] --><!-- [et_pb_line_break_holder] -->\u00a0<!-- [et_pb_line_break_holder] --><!-- [et_pb_line_break_holder] --><a href=\"tel:50223238909\"><img decoding=\"async\" src=\"https:\/\/laserst.net\/sitio\/wp-content\/uploads\/2020\/09\/ICONO-TEL.png\" \/><\/a><!-- [et_pb_line_break_holder] --><!-- [et_pb_line_break_holder] --><!-- [et_pb_line_break_holder] --><!-- [et_pb_line_break_holder] --><!-- [et_pb_line_break_holder] --><!-- [et_pb_line_break_holder] --><!-- [et_pb_line_break_holder] --><!-- [et_pb_line_break_holder] --><!-- [et_pb_line_break_holder] --><!-- [et_pb_line_break_holder] --><!-- [et_pb_line_break_holder] --><!-- [et_pb_line_break_holder] --><!-- [et_pb_line_break_holder] -->[\/et_pb_code][\/et_pb_column][\/et_pb_row][\/et_pb_section]<\/p>\n","protected":false},"excerpt":{"rendered":"<p>&nbsp; CARACTERISTICAS Fotocopiadora, Impresora, Esc\u00e1ner, Fax 40 copias por minuto WiFi Alimentador de Originales dual (pasa una ves escanea ambas caras) Bandeja principal para 250 hojas Bandeja de Bypass para 150 hojas Cristal A4, copias oficio a trav\u00e9s de su alimentador de originales Ampliaciones y reducciones Ahorro de energ\u00eda Capacidad mensual recomendada 4,000 p\u00e1ginas Esc\u00e1ner [&hellip;]<\/p>\n","protected":false},"featured_media":2213,"comment_status":"open","ping_status":"closed","template":"","meta":{"_et_pb_use_builder":"on","_et_pb_old_content":"","_et_gb_content_width":""},"product_brand":[],"product_cat":[30],"product_tag":[],"class_list":{"0":"post-1726","1":"product","2":"type-product","3":"status-publish","4":"has-post-thumbnail","6":"product_cat-equipos","8":"first","9":"instock","10":"shipping-taxable","11":"product-type-simple"},"yoast_head":"<!-- This site is optimized with the Yoast SEO plugin v27.3 - https:\/\/yoast.com\/product\/yoast-seo-wordpress\/ -->\n<title>CANON MF455DW - Venta de fotocopiadoras, impresoras y multifuncionales en Guatemala, toners y servicio t\u00e9cnico.<\/title>\n<meta name=\"robots\" content=\"index, follow, max-snippet:-1, max-image-preview:large, max-video-preview:-1\" \/>\n<link rel=\"canonical\" href=\"https:\/\/laserst.net\/sitio\/catalogo\/canon-mf455dw\/\" \/>\n<meta property=\"og:locale\" content=\"es_ES\" \/>\n<meta property=\"og:type\" content=\"article\" \/>\n<meta property=\"og:title\" content=\"CANON MF455DW - Venta de fotocopiadoras, impresoras y multifuncionales en Guatemala, toners y servicio t\u00e9cnico.\" \/>\n<meta property=\"og:description\" content=\"&nbsp; CARACTERISTICAS Fotocopiadora, Impresora, Esc\u00e1ner, Fax 40 copias por minuto WiFi Alimentador de Originales dual (pasa una ves escanea ambas caras) Bandeja principal para 250 hojas Bandeja de Bypass para 150 hojas Cristal A4, copias oficio a trav\u00e9s de su alimentador de originales Ampliaciones y reducciones Ahorro de energ\u00eda Capacidad mensual recomendada 4,000 p\u00e1ginas Esc\u00e1ner [&hellip;]\" \/>\n<meta property=\"og:url\" content=\"https:\/\/laserst.net\/sitio\/catalogo\/canon-mf455dw\/\" \/>\n<meta property=\"og:site_name\" content=\"Venta de fotocopiadoras, impresoras y multifuncionales en Guatemala, toners y servicio t\u00e9cnico.\" \/>\n<meta property=\"article:publisher\" content=\"https:\/\/www.facebook.com\/laserstguatemala\" \/>\n<meta property=\"article:modified_time\" content=\"2024-09-10T15:23:02+00:00\" \/>\n<meta property=\"og:image\" content=\"https:\/\/laserst.net\/sitio\/wp-content\/uploads\/2021\/11\/445.png\" \/>\n\t<meta property=\"og:image:width\" content=\"1920\" \/>\n\t<meta property=\"og:image:height\" content=\"1080\" \/>\n\t<meta property=\"og:image:type\" content=\"image\/png\" \/>\n<meta name=\"twitter:label1\" content=\"Tiempo de lectura\" \/>\n\t<meta name=\"twitter:data1\" content=\"2 minutos\" \/>\n<script type=\"application\/ld+json\" class=\"yoast-schema-graph\">{\"@context\":\"https:\\\/\\\/schema.org\",\"@graph\":[{\"@type\":\"WebPage\",\"@id\":\"https:\\\/\\\/laserst.net\\\/sitio\\\/catalogo\\\/canon-mf455dw\\\/\",\"url\":\"https:\\\/\\\/laserst.net\\\/sitio\\\/catalogo\\\/canon-mf455dw\\\/\",\"name\":\"CANON MF455DW - Venta de fotocopiadoras, impresoras y multifuncionales en Guatemala, toners y servicio t\u00e9cnico.\",\"isPartOf\":{\"@id\":\"https:\\\/\\\/laserst.net\\\/sitio\\\/#website\"},\"primaryImageOfPage\":{\"@id\":\"https:\\\/\\\/laserst.net\\\/sitio\\\/catalogo\\\/canon-mf455dw\\\/#primaryimage\"},\"image\":{\"@id\":\"https:\\\/\\\/laserst.net\\\/sitio\\\/catalogo\\\/canon-mf455dw\\\/#primaryimage\"},\"thumbnailUrl\":\"https:\\\/\\\/laserst.net\\\/sitio\\\/wp-content\\\/uploads\\\/2021\\\/11\\\/445.png\",\"datePublished\":\"2020-09-22T21:37:02+00:00\",\"dateModified\":\"2024-09-10T15:23:02+00:00\",\"breadcrumb\":{\"@id\":\"https:\\\/\\\/laserst.net\\\/sitio\\\/catalogo\\\/canon-mf455dw\\\/#breadcrumb\"},\"inLanguage\":\"es\",\"potentialAction\":[{\"@type\":\"ReadAction\",\"target\":[\"https:\\\/\\\/laserst.net\\\/sitio\\\/catalogo\\\/canon-mf455dw\\\/\"]}]},{\"@type\":\"ImageObject\",\"inLanguage\":\"es\",\"@id\":\"https:\\\/\\\/laserst.net\\\/sitio\\\/catalogo\\\/canon-mf455dw\\\/#primaryimage\",\"url\":\"https:\\\/\\\/laserst.net\\\/sitio\\\/wp-content\\\/uploads\\\/2021\\\/11\\\/445.png\",\"contentUrl\":\"https:\\\/\\\/laserst.net\\\/sitio\\\/wp-content\\\/uploads\\\/2021\\\/11\\\/445.png\",\"width\":1920,\"height\":1080},{\"@type\":\"BreadcrumbList\",\"@id\":\"https:\\\/\\\/laserst.net\\\/sitio\\\/catalogo\\\/canon-mf455dw\\\/#breadcrumb\",\"itemListElement\":[{\"@type\":\"ListItem\",\"position\":1,\"name\":\"Cat\u00e1logo\",\"item\":\"https:\\\/\\\/laserst.net\\\/sitio\\\/catalogo\\\/\"},{\"@type\":\"ListItem\",\"position\":2,\"name\":\"CANON MF455DW\"}]},{\"@type\":\"WebSite\",\"@id\":\"https:\\\/\\\/laserst.net\\\/sitio\\\/#website\",\"url\":\"https:\\\/\\\/laserst.net\\\/sitio\\\/\",\"name\":\"Venta de fotocopiadoras, impresoras y multifuncionales en Guatemala, toners y servicio t\u00e9cnico.\",\"description\":\"Impresoras y Fotocopiadoras de Guatemala\",\"potentialAction\":[{\"@type\":\"SearchAction\",\"target\":{\"@type\":\"EntryPoint\",\"urlTemplate\":\"https:\\\/\\\/laserst.net\\\/sitio\\\/?s={search_term_string}\"},\"query-input\":{\"@type\":\"PropertyValueSpecification\",\"valueRequired\":true,\"valueName\":\"search_term_string\"}}],\"inLanguage\":\"es\"}]}<\/script>\n<!-- \/ Yoast SEO plugin. -->","yoast_head_json":{"title":"CANON MF455DW - Venta de fotocopiadoras, impresoras y multifuncionales en Guatemala, toners y servicio t\u00e9cnico.","robots":{"index":"index","follow":"follow","max-snippet":"max-snippet:-1","max-image-preview":"max-image-preview:large","max-video-preview":"max-video-preview:-1"},"canonical":"https:\/\/laserst.net\/sitio\/catalogo\/canon-mf455dw\/","og_locale":"es_ES","og_type":"article","og_title":"CANON MF455DW - Venta de fotocopiadoras, impresoras y multifuncionales en Guatemala, toners y servicio t\u00e9cnico.","og_description":"&nbsp; CARACTERISTICAS Fotocopiadora, Impresora, Esc\u00e1ner, Fax 40 copias por minuto WiFi Alimentador de Originales dual (pasa una ves escanea ambas caras) Bandeja principal para 250 hojas Bandeja de Bypass para 150 hojas Cristal A4, copias oficio a trav\u00e9s de su alimentador de originales Ampliaciones y reducciones Ahorro de energ\u00eda Capacidad mensual recomendada 4,000 p\u00e1ginas Esc\u00e1ner [&hellip;]","og_url":"https:\/\/laserst.net\/sitio\/catalogo\/canon-mf455dw\/","og_site_name":"Venta de fotocopiadoras, impresoras y multifuncionales en Guatemala, toners y servicio t\u00e9cnico.","article_publisher":"https:\/\/www.facebook.com\/laserstguatemala","article_modified_time":"2024-09-10T15:23:02+00:00","og_image":[{"width":1920,"height":1080,"url":"https:\/\/laserst.net\/sitio\/wp-content\/uploads\/2021\/11\/445.png","type":"image\/png"}],"twitter_misc":{"Tiempo de lectura":"2 minutos"},"schema":{"@context":"https:\/\/schema.org","@graph":[{"@type":"WebPage","@id":"https:\/\/laserst.net\/sitio\/catalogo\/canon-mf455dw\/","url":"https:\/\/laserst.net\/sitio\/catalogo\/canon-mf455dw\/","name":"CANON MF455DW - Venta de fotocopiadoras, impresoras y multifuncionales en Guatemala, toners y servicio t\u00e9cnico.","isPartOf":{"@id":"https:\/\/laserst.net\/sitio\/#website"},"primaryImageOfPage":{"@id":"https:\/\/laserst.net\/sitio\/catalogo\/canon-mf455dw\/#primaryimage"},"image":{"@id":"https:\/\/laserst.net\/sitio\/catalogo\/canon-mf455dw\/#primaryimage"},"thumbnailUrl":"https:\/\/laserst.net\/sitio\/wp-content\/uploads\/2021\/11\/445.png","datePublished":"2020-09-22T21:37:02+00:00","dateModified":"2024-09-10T15:23:02+00:00","breadcrumb":{"@id":"https:\/\/laserst.net\/sitio\/catalogo\/canon-mf455dw\/#breadcrumb"},"inLanguage":"es","potentialAction":[{"@type":"ReadAction","target":["https:\/\/laserst.net\/sitio\/catalogo\/canon-mf455dw\/"]}]},{"@type":"ImageObject","inLanguage":"es","@id":"https:\/\/laserst.net\/sitio\/catalogo\/canon-mf455dw\/#primaryimage","url":"https:\/\/laserst.net\/sitio\/wp-content\/uploads\/2021\/11\/445.png","contentUrl":"https:\/\/laserst.net\/sitio\/wp-content\/uploads\/2021\/11\/445.png","width":1920,"height":1080},{"@type":"BreadcrumbList","@id":"https:\/\/laserst.net\/sitio\/catalogo\/canon-mf455dw\/#breadcrumb","itemListElement":[{"@type":"ListItem","position":1,"name":"Cat\u00e1logo","item":"https:\/\/laserst.net\/sitio\/catalogo\/"},{"@type":"ListItem","position":2,"name":"CANON MF455DW"}]},{"@type":"WebSite","@id":"https:\/\/laserst.net\/sitio\/#website","url":"https:\/\/laserst.net\/sitio\/","name":"Venta de fotocopiadoras, impresoras y multifuncionales en Guatemala, toners y servicio t\u00e9cnico.","description":"Impresoras y Fotocopiadoras de Guatemala","potentialAction":[{"@type":"SearchAction","target":{"@type":"EntryPoint","urlTemplate":"https:\/\/laserst.net\/sitio\/?s={search_term_string}"},"query-input":{"@type":"PropertyValueSpecification","valueRequired":true,"valueName":"search_term_string"}}],"inLanguage":"es"}]}},"jetpack_sharing_enabled":true,"_links":{"self":[{"href":"https:\/\/laserst.net\/sitio\/wp-json\/wp\/v2\/product\/1726","targetHints":{"allow":["GET"]}}],"collection":[{"href":"https:\/\/laserst.net\/sitio\/wp-json\/wp\/v2\/product"}],"about":[{"href":"https:\/\/laserst.net\/sitio\/wp-json\/wp\/v2\/types\/product"}],"replies":[{"embeddable":true,"href":"https:\/\/laserst.net\/sitio\/wp-json\/wp\/v2\/comments?post=1726"}],"wp:featuredmedia":[{"embeddable":true,"href":"https:\/\/laserst.net\/sitio\/wp-json\/wp\/v2\/media\/2213"}],"wp:attachment":[{"href":"https:\/\/laserst.net\/sitio\/wp-json\/wp\/v2\/media?parent=1726"}],"wp:term":[{"taxonomy":"product_brand","embeddable":true,"href":"https:\/\/laserst.net\/sitio\/wp-json\/wp\/v2\/product_brand?post=1726"},{"taxonomy":"product_cat","embeddable":true,"href":"https:\/\/laserst.net\/sitio\/wp-json\/wp\/v2\/product_cat?post=1726"},{"taxonomy":"product_tag","embeddable":true,"href":"https:\/\/laserst.net\/sitio\/wp-json\/wp\/v2\/product_tag?post=1726"}],"curies":[{"name":"wp","href":"https:\/\/api.w.org\/{rel}","templated":true}]}}