{"id":652,"date":"2016-08-24T15:34:24","date_gmt":"2016-08-24T21:34:24","guid":{"rendered":"http:\/\/www.laserst.net\/sitio\/?page_id=652"},"modified":"2019-06-06T13:44:51","modified_gmt":"2019-06-06T19:44:51","slug":"centro-de-ayuda","status":"publish","type":"page","link":"https:\/\/laserst.net\/sitio\/centro-de-ayuda\/","title":{"rendered":"Centro de Ayuda"},"content":{"rendered":"<p>[et_pb_section fb_built=\u00bb1&#8243; inner_shadow=\u00bbon\u00bb _builder_version=\u00bb3.24&#8243; use_background_color_gradient=\u00bbon\u00bb background_color_gradient_start=\u00bbrgba(0,71,104,0.87)\u00bb background_color_gradient_end=\u00bbrgba(0,161,204,0.8)\u00bb background_color_gradient_overlays_image=\u00bbon\u00bb background_image=\u00bbhttps:\/\/www.laserst.net\/sitio\/wp-content\/uploads\/2019\/05\/346_main.jpg\u00bb custom_margin=\u00bb||-1px|||\u00bb custom_padding=\u00bb100px||100px||true|\u00bb][et_pb_row _builder_version=\u00bb3.22.7&#8243;][et_pb_column type=\u00bb4_4&#8243; _builder_version=\u00bb3.22.7&#8243;][et_pb_text _builder_version=\u00bb3.22.7&#8243; text_font=\u00bb||||||||\u00bb header_font=\u00bb|||on|||||\u00bb header_text_align=\u00bbleft\u00bb header_text_color=\u00bb#ffffff\u00bb header_font_size=\u00bb60px\u00bb]<\/p>\n<h1>Centro de ayuda<\/h1>\n<p>[\/et_pb_text][\/et_pb_column][\/et_pb_row][\/et_pb_section][et_pb_section fb_built=\u00bb1&#8243; _builder_version=\u00bb3.22.7&#8243;][et_pb_row _builder_version=\u00bb3.24&#8243;][et_pb_column type=\u00bb4_4&#8243; _builder_version=\u00bb3.22.7&#8243;][et_pb_blog fullwidth=\u00bboff\u00bb posts_number=\u00bb14&#8243; include_categories=\u00bb7&#8243; show_thumbnail=\u00bboff\u00bb show_more=\u00bbon\u00bb show_author=\u00bboff\u00bb show_date=\u00bboff\u00bb show_categories=\u00bboff\u00bb _builder_version=\u00bb3.24&#8243; header_font=\u00bb||||||||\u00bb header_text_color=\u00bb#144576&#8243; body_font=\u00bb||||||||\u00bb meta_font=\u00bb||||||||\u00bb pagination_font=\u00bb|||on|||||\u00bb pagination_text_color=\u00bb#360082&#8243; pagination_font_size=\u00bb24px\u00bb text_orientation=\u00bbcenter\u00bb custom_css_read_more=\u00bbtext-transform:uppercase;||padding:5px;||background:#0083D2;||color:#ffffff;||margin-top:10px !important;\u00bb][\/et_pb_blog][\/et_pb_column][\/et_pb_row][\/et_pb_section][et_pb_section fb_built=\u00bb1&#8243; inner_shadow=\u00bbon\u00bb _builder_version=\u00bb3.22.7&#8243; use_background_color_gradient=\u00bbon\u00bb background_color_gradient_start=\u00bbrgba(17,114,162,0.82)\u00bb background_color_gradient_end=\u00bbrgba(0,0,0,0.51)\u00bb background_color_gradient_overlays_image=\u00bbon\u00bb background_image=\u00bbhttps:\/\/www.laserst.net\/sitio\/wp-content\/uploads\/2019\/05\/346_main.jpg\u00bb global_module=\u00bb1184&#8243; saved_tabs=\u00bball\u00bb][et_pb_row custom_padding=\u00bb||2px|||\u00bb _builder_version=\u00bb3.22.7&#8243;][et_pb_column type=\u00bb4_4&#8243; _builder_version=\u00bb3.22.7&#8243;][et_pb_text _builder_version=\u00bb3.22.7&#8243; text_font=\u00bb||||||||\u00bb text_text_color=\u00bb#ffffff\u00bb text_font_size=\u00bb25px\u00bb header_font=\u00bb|||on|||||\u00bb header_text_align=\u00bbcenter\u00bb header_text_color=\u00bb#ffffff\u00bb header_font_size=\u00bb53px\u00bb]<\/p>\n<h1 style=\"text-align: center;\">Adquiera el mejor equipo para su oficina<\/h1>\n<p>[\/et_pb_text][et_pb_divider color=\u00bb#ffffff\u00bb divider_weight=\u00bb7px\u00bb _builder_version=\u00bb3.23.4&#8243; width=\u00bb50%\u00bb module_alignment=\u00bbcenter\u00bb height=\u00bb0px\u00bb custom_margin=\u00bb-22px||-8px|||\u00bb custom_padding=\u00bb0px||0px\u00bb][\/et_pb_divider][et_pb_text _builder_version=\u00bb3.22.7&#8243; text_font=\u00bb||||||||\u00bb text_text_color=\u00bb#ffffff\u00bb text_font_size=\u00bb25px\u00bb header_font=\u00bb|||on|||||\u00bb header_text_align=\u00bbcenter\u00bb header_text_color=\u00bb#ffffff\u00bb header_font_size=\u00bb53px\u00bb]<\/p>\n<h1 style=\"text-align: center;\"><\/h1>\n<div class=\"fancy_heading fancy_heading_icon\">\n<div class=\"inside\" style=\"text-align: center;\">No busque m\u00e1s, Laser ST le ofrece los mejores precios, el mejor servicio y la m\u00e1xima garant\u00eda en Fotocopiadoras y Equipos Multifuncionales.<\/div>\n<\/div>\n<p>[\/et_pb_text][\/et_pb_column][\/et_pb_row][et_pb_row custom_margin=\u00bb16px|auto||auto||\u00bb make_equal=\u00bbon\u00bb custom_css_main_2=\u00bbmargin:auto;\u00bb custom_css_main_3=\u00bbmargin:auto;\u00bb _builder_version=\u00bb3.22.7&#8243;][et_pb_column type=\u00bb1_2&#8243; _builder_version=\u00bb3.22.7&#8243;][et_pb_contact_form captcha=\u00bboff\u00bb _builder_version=\u00bb3.22.7&#8243; custom_button=\u00bbon\u00bb button_text_color=\u00bb#0c71c3&#8243; button_bg_color=\u00bb#ffffff\u00bb button_border_radius=\u00bb12px\u00bb button_font=\u00bb|||on|||||\u00bb][et_pb_contact_field field_id=\u00bbName\u00bb field_title=\u00bbNombre\u00bb _builder_version=\u00bb3.16&#8243; border_radii=\u00bbon||||\u00bb button_text_size__hover_enabled=\u00bboff\u00bb button_one_text_size__hover_enabled=\u00bboff\u00bb button_two_text_size__hover_enabled=\u00bboff\u00bb button_text_color__hover_enabled=\u00bboff\u00bb button_one_text_color__hover_enabled=\u00bboff\u00bb button_two_text_color__hover_enabled=\u00bboff\u00bb button_border_width__hover_enabled=\u00bboff\u00bb button_one_border_width__hover_enabled=\u00bboff\u00bb button_two_border_width__hover_enabled=\u00bboff\u00bb button_border_color__hover_enabled=\u00bboff\u00bb button_one_border_color__hover_enabled=\u00bboff\u00bb button_two_border_color__hover_enabled=\u00bboff\u00bb button_border_radius__hover_enabled=\u00bboff\u00bb button_one_border_radius__hover_enabled=\u00bboff\u00bb button_two_border_radius__hover_enabled=\u00bboff\u00bb button_letter_spacing__hover_enabled=\u00bboff\u00bb button_one_letter_spacing__hover_enabled=\u00bboff\u00bb button_two_letter_spacing__hover_enabled=\u00bboff\u00bb button_bg_color__hover_enabled=\u00bboff\u00bb button_one_bg_color__hover_enabled=\u00bboff\u00bb button_two_bg_color__hover_enabled=\u00bboff\u00bb][\/et_pb_contact_field][et_pb_contact_field field_id=\u00bbEmail\u00bb field_title=\u00bbDirecci\u00f3n de correo electr\u00f3nico\u00bb field_type=\u00bbemail\u00bb _builder_version=\u00bb3.16&#8243; border_radii=\u00bbon||||\u00bb button_text_size__hover_enabled=\u00bboff\u00bb button_one_text_size__hover_enabled=\u00bboff\u00bb button_two_text_size__hover_enabled=\u00bboff\u00bb button_text_color__hover_enabled=\u00bboff\u00bb button_one_text_color__hover_enabled=\u00bboff\u00bb button_two_text_color__hover_enabled=\u00bboff\u00bb button_border_width__hover_enabled=\u00bboff\u00bb button_one_border_width__hover_enabled=\u00bboff\u00bb button_two_border_width__hover_enabled=\u00bboff\u00bb button_border_color__hover_enabled=\u00bboff\u00bb button_one_border_color__hover_enabled=\u00bboff\u00bb button_two_border_color__hover_enabled=\u00bboff\u00bb button_border_radius__hover_enabled=\u00bboff\u00bb button_one_border_radius__hover_enabled=\u00bboff\u00bb button_two_border_radius__hover_enabled=\u00bboff\u00bb button_letter_spacing__hover_enabled=\u00bboff\u00bb button_one_letter_spacing__hover_enabled=\u00bboff\u00bb button_two_letter_spacing__hover_enabled=\u00bboff\u00bb button_bg_color__hover_enabled=\u00bboff\u00bb button_one_bg_color__hover_enabled=\u00bboff\u00bb button_two_bg_color__hover_enabled=\u00bboff\u00bb][\/et_pb_contact_field][et_pb_contact_field field_id=\u00bbMessage\u00bb field_title=\u00bbMensaje\u00bb field_type=\u00bbtext\u00bb fullwidth_field=\u00bbon\u00bb _builder_version=\u00bb3.16&#8243; border_radii=\u00bbon||||\u00bb button_text_size__hover_enabled=\u00bboff\u00bb button_one_text_size__hover_enabled=\u00bboff\u00bb button_two_text_size__hover_enabled=\u00bboff\u00bb button_text_color__hover_enabled=\u00bboff\u00bb button_one_text_color__hover_enabled=\u00bboff\u00bb button_two_text_color__hover_enabled=\u00bboff\u00bb button_border_width__hover_enabled=\u00bboff\u00bb button_one_border_width__hover_enabled=\u00bboff\u00bb button_two_border_width__hover_enabled=\u00bboff\u00bb button_border_color__hover_enabled=\u00bboff\u00bb button_one_border_color__hover_enabled=\u00bboff\u00bb button_two_border_color__hover_enabled=\u00bboff\u00bb button_border_radius__hover_enabled=\u00bboff\u00bb button_one_border_radius__hover_enabled=\u00bboff\u00bb button_two_border_radius__hover_enabled=\u00bboff\u00bb button_letter_spacing__hover_enabled=\u00bboff\u00bb button_one_letter_spacing__hover_enabled=\u00bboff\u00bb button_two_letter_spacing__hover_enabled=\u00bboff\u00bb button_bg_color__hover_enabled=\u00bboff\u00bb button_one_bg_color__hover_enabled=\u00bboff\u00bb button_two_bg_color__hover_enabled=\u00bboff\u00bb][\/et_pb_contact_field][\/et_pb_contact_form][\/et_pb_column][et_pb_column type=\u00bb1_4&#8243; _builder_version=\u00bb3.22.7&#8243;][et_pb_button button_url=\u00bbhttps:\/\/api.whatsapp.com\/send?phone=50242458596&#038;text=Hola,%20estoy%20interesado%20en%20sus%20productos,%20quisiera%20una%20cotizaci\u00f3n.\u00bb button_text=\u00bbWhatsapp\u00bb button_alignment=\u00bbcenter\u00bb _builder_version=\u00bb3.22.7&#8243; custom_button=\u00bbon\u00bb button_text_size=\u00bb25px\u00bb button_text_color=\u00bb#ffffff\u00bb button_bg_color=\u00bb#0c71c3&#8243; button_border_radius=\u00bb13px\u00bb button_font=\u00bb|||on|||||\u00bb button_icon=\u00bb%%380%%\u00bb button_icon_placement=\u00bbleft\u00bb button_on_hover=\u00bboff\u00bb background_layout=\u00bbdark\u00bb custom_css_main_element=\u00bbwidth:100%;\u00bb button_bg_color__hover_enabled=\u00bbon\u00bb button_bg_color__hover=\u00bbrgba(255,255,255,0.69)\u00bb button_text_color__hover_enabled=\u00bbon\u00bb button_text_color__hover=\u00bb#0c71c3&#8243;][\/et_pb_button][et_pb_button button_text=\u00bbchatear\u00bb button_alignment=\u00bbcenter\u00bb _builder_version=\u00bb3.22.7&#8243; custom_button=\u00bbon\u00bb button_text_size=\u00bb25px\u00bb button_text_color=\u00bb#ffffff\u00bb button_bg_color=\u00bb#0c71c3&#8243; button_border_radius=\u00bb13px\u00bb button_font=\u00bb|||on|||||\u00bb button_icon=\u00bb%%382%%\u00bb button_icon_placement=\u00bbleft\u00bb button_on_hover=\u00bboff\u00bb background_layout=\u00bbdark\u00bb custom_css_main_element=\u00bbwidth:100%;\u00bb button_bg_color__hover_enabled=\u00bbon\u00bb button_bg_color__hover=\u00bbrgba(255,255,255,0.69)\u00bb button_text_color__hover_enabled=\u00bbon\u00bb button_text_color__hover=\u00bb#0c71c3&#8243;][\/et_pb_button][\/et_pb_column][et_pb_column type=\u00bb1_4&#8243; _builder_version=\u00bb3.22.7&#8243;][et_pb_button button_url=\u00bbtel:+50223338888&#8243; button_text=\u00bb2333-8888&#8243; button_alignment=\u00bbcenter\u00bb _builder_version=\u00bb3.22.7&#8243; custom_button=\u00bbon\u00bb button_text_size=\u00bb25px\u00bb button_text_color=\u00bb#ffffff\u00bb button_bg_color=\u00bb#0c71c3&#8243; button_border_radius=\u00bb13px\u00bb button_font=\u00bb|||on|||||\u00bb button_icon=\u00bb%%264%%\u00bb button_icon_placement=\u00bbleft\u00bb button_on_hover=\u00bboff\u00bb background_layout=\u00bbdark\u00bb custom_css_main_element=\u00bbwidth:100%;\u00bb button_bg_color__hover_enabled=\u00bbon\u00bb button_bg_color__hover=\u00bbrgba(255,255,255,0.69)\u00bb button_text_color__hover_enabled=\u00bbon\u00bb button_text_color__hover=\u00bb#0c71c3&#8243;][\/et_pb_button][et_pb_button button_url=\u00bbhttps:\/\/www.waze.com\/ul?ll=14.63533200%2C-90.56225370&#038;navigate=yes&#038;zoom=16&#8243; url_new_window=\u00bbon\u00bb button_text=\u00bbVis\u00edtanos\u00bb button_alignment=\u00bbcenter\u00bb _builder_version=\u00bb3.22.7&#8243; custom_button=\u00bbon\u00bb button_text_size=\u00bb25px\u00bb button_text_color=\u00bb#ffffff\u00bb button_bg_color=\u00bb#0c71c3&#8243; button_border_radius=\u00bb13px\u00bb button_font=\u00bb|||on|||||\u00bb button_icon=\u00bb%%381%%\u00bb button_icon_placement=\u00bbleft\u00bb button_on_hover=\u00bboff\u00bb background_layout=\u00bbdark\u00bb custom_css_main_element=\u00bbwidth:100%;\u00bb button_bg_color__hover_enabled=\u00bbon\u00bb button_bg_color__hover=\u00bbrgba(255,255,255,0.69)\u00bb button_text_color__hover_enabled=\u00bbon\u00bb button_text_color__hover=\u00bb#0c71c3&#8243;][\/et_pb_button][\/et_pb_column][\/et_pb_row][\/et_pb_section]<\/p>\n","protected":false},"excerpt":{"rendered":"<p>Centro de ayudaAdquiera el mejor equipo para su oficina No busque m\u00e1s, Laser ST le ofrece los mejores precios, el mejor servicio y la m\u00e1xima garant\u00eda en Fotocopiadoras y Equipos Multifuncionales.<\/p>\n","protected":false},"author":4,"featured_media":0,"parent":0,"menu_order":0,"comment_status":"closed","ping_status":"closed","template":"","meta":{"_et_pb_use_builder":"on","_et_pb_old_content":"[vc_row][vc_column][blog count=\"8\" style=\"grid\" columns=\"2\" category=\"faq\" more=\"1\" filters=\"0\" pagination=\"1\" greyscale=\"0\" margin=\"0\"][\/vc_column][\/vc_row]","_et_gb_content_width":"","footnotes":""},"class_list":["post-652","page","type-page","status-publish","hentry"],"yoast_head":"<!-- This site is optimized with the Yoast SEO plugin v27.5 - https:\/\/yoast.com\/product\/yoast-seo-wordpress\/ -->\n<title>Centro de Ayuda - Venta de fotocopiadoras, impresoras y multifuncionales en Guatemala, toners y servicio t\u00e9cnico.<\/title>\n<meta name=\"robots\" content=\"index, follow, max-snippet:-1, max-image-preview:large, max-video-preview:-1\" \/>\n<link rel=\"canonical\" href=\"https:\/\/laserst.net\/sitio\/centro-de-ayuda\/\" \/>\n<meta property=\"og:locale\" content=\"es_ES\" \/>\n<meta property=\"og:type\" content=\"article\" \/>\n<meta property=\"og:title\" content=\"Centro de Ayuda - Venta de fotocopiadoras, impresoras y multifuncionales en Guatemala, toners y servicio t\u00e9cnico.\" \/>\n<meta property=\"og:description\" content=\"Centro de ayudaAdquiera el mejor equipo para su oficina No busque m\u00e1s, Laser ST le ofrece los mejores precios, el mejor servicio y la m\u00e1xima garant\u00eda en Fotocopiadoras y Equipos Multifuncionales.\" \/>\n<meta property=\"og:url\" content=\"https:\/\/laserst.net\/sitio\/centro-de-ayuda\/\" \/>\n<meta property=\"og:site_name\" content=\"Venta de fotocopiadoras, impresoras y multifuncionales en Guatemala, toners y servicio t\u00e9cnico.\" \/>\n<meta property=\"article:publisher\" content=\"https:\/\/www.facebook.com\/laserstguatemala\" \/>\n<meta property=\"article:modified_time\" content=\"2019-06-06T19:44:51+00:00\" \/>\n<meta name=\"twitter:label1\" content=\"Tiempo de lectura\" \/>\n\t<meta name=\"twitter:data1\" content=\"7 minutos\" \/>\n<script type=\"application\/ld+json\" class=\"yoast-schema-graph\">{\"@context\":\"https:\\\/\\\/schema.org\",\"@graph\":[{\"@type\":\"WebPage\",\"@id\":\"https:\\\/\\\/laserst.net\\\/sitio\\\/centro-de-ayuda\\\/\",\"url\":\"https:\\\/\\\/laserst.net\\\/sitio\\\/centro-de-ayuda\\\/\",\"name\":\"Centro de Ayuda - Venta de fotocopiadoras, impresoras y multifuncionales en Guatemala, toners y servicio t\u00e9cnico.\",\"isPartOf\":{\"@id\":\"https:\\\/\\\/laserst.net\\\/sitio\\\/#website\"},\"datePublished\":\"2016-08-24T21:34:24+00:00\",\"dateModified\":\"2019-06-06T19:44:51+00:00\",\"inLanguage\":\"es\",\"potentialAction\":[{\"@type\":\"ReadAction\",\"target\":[\"https:\\\/\\\/laserst.net\\\/sitio\\\/centro-de-ayuda\\\/\"]}]},{\"@type\":\"WebSite\",\"@id\":\"https:\\\/\\\/laserst.net\\\/sitio\\\/#website\",\"url\":\"https:\\\/\\\/laserst.net\\\/sitio\\\/\",\"name\":\"Venta de fotocopiadoras, impresoras y multifuncionales en Guatemala, toners y servicio t\u00e9cnico.\",\"description\":\"Impresoras y Fotocopiadoras de Guatemala\",\"potentialAction\":[{\"@type\":\"SearchAction\",\"target\":{\"@type\":\"EntryPoint\",\"urlTemplate\":\"https:\\\/\\\/laserst.net\\\/sitio\\\/?s={search_term_string}\"},\"query-input\":{\"@type\":\"PropertyValueSpecification\",\"valueRequired\":true,\"valueName\":\"search_term_string\"}}],\"inLanguage\":\"es\"}]}<\/script>\n<!-- \/ Yoast SEO plugin. -->","yoast_head_json":{"title":"Centro de Ayuda - Venta de fotocopiadoras, impresoras y multifuncionales en Guatemala, toners y servicio t\u00e9cnico.","robots":{"index":"index","follow":"follow","max-snippet":"max-snippet:-1","max-image-preview":"max-image-preview:large","max-video-preview":"max-video-preview:-1"},"canonical":"https:\/\/laserst.net\/sitio\/centro-de-ayuda\/","og_locale":"es_ES","og_type":"article","og_title":"Centro de Ayuda - Venta de fotocopiadoras, impresoras y multifuncionales en Guatemala, toners y servicio t\u00e9cnico.","og_description":"Centro de ayudaAdquiera el mejor equipo para su oficina No busque m\u00e1s, Laser ST le ofrece los mejores precios, el mejor servicio y la m\u00e1xima garant\u00eda en Fotocopiadoras y Equipos Multifuncionales.","og_url":"https:\/\/laserst.net\/sitio\/centro-de-ayuda\/","og_site_name":"Venta de fotocopiadoras, impresoras y multifuncionales en Guatemala, toners y servicio t\u00e9cnico.","article_publisher":"https:\/\/www.facebook.com\/laserstguatemala","article_modified_time":"2019-06-06T19:44:51+00:00","twitter_misc":{"Tiempo de lectura":"7 minutos"},"schema":{"@context":"https:\/\/schema.org","@graph":[{"@type":"WebPage","@id":"https:\/\/laserst.net\/sitio\/centro-de-ayuda\/","url":"https:\/\/laserst.net\/sitio\/centro-de-ayuda\/","name":"Centro de Ayuda - Venta de fotocopiadoras, impresoras y multifuncionales en Guatemala, toners y servicio t\u00e9cnico.","isPartOf":{"@id":"https:\/\/laserst.net\/sitio\/#website"},"datePublished":"2016-08-24T21:34:24+00:00","dateModified":"2019-06-06T19:44:51+00:00","inLanguage":"es","potentialAction":[{"@type":"ReadAction","target":["https:\/\/laserst.net\/sitio\/centro-de-ayuda\/"]}]},{"@type":"WebSite","@id":"https:\/\/laserst.net\/sitio\/#website","url":"https:\/\/laserst.net\/sitio\/","name":"Venta de fotocopiadoras, impresoras y multifuncionales en Guatemala, toners y servicio t\u00e9cnico.","description":"Impresoras y Fotocopiadoras de Guatemala","potentialAction":[{"@type":"SearchAction","target":{"@type":"EntryPoint","urlTemplate":"https:\/\/laserst.net\/sitio\/?s={search_term_string}"},"query-input":{"@type":"PropertyValueSpecification","valueRequired":true,"valueName":"search_term_string"}}],"inLanguage":"es"}]}},"_links":{"self":[{"href":"https:\/\/laserst.net\/sitio\/wp-json\/wp\/v2\/pages\/652","targetHints":{"allow":["GET"]}}],"collection":[{"href":"https:\/\/laserst.net\/sitio\/wp-json\/wp\/v2\/pages"}],"about":[{"href":"https:\/\/laserst.net\/sitio\/wp-json\/wp\/v2\/types\/page"}],"author":[{"embeddable":true,"href":"https:\/\/laserst.net\/sitio\/wp-json\/wp\/v2\/users\/4"}],"replies":[{"embeddable":true,"href":"https:\/\/laserst.net\/sitio\/wp-json\/wp\/v2\/comments?post=652"}],"version-history":[{"count":3,"href":"https:\/\/laserst.net\/sitio\/wp-json\/wp\/v2\/pages\/652\/revisions"}],"predecessor-version":[{"id":1266,"href":"https:\/\/laserst.net\/sitio\/wp-json\/wp\/v2\/pages\/652\/revisions\/1266"}],"wp:attachment":[{"href":"https:\/\/laserst.net\/sitio\/wp-json\/wp\/v2\/media?parent=652"}],"curies":[{"name":"wp","href":"https:\/\/api.w.org\/{rel}","templated":true}]}}