{"id":559,"date":"2016-08-23T21:29:24","date_gmt":"2016-08-24T03:29:24","guid":{"rendered":"http:\/\/www.laserst.net\/sitio\/?page_id=559"},"modified":"2025-06-19T12:22:50","modified_gmt":"2025-06-19T18:22:50","slug":"inicio","status":"publish","type":"page","link":"https:\/\/laserst.net\/sitio\/","title":{"rendered":"Inicio"},"content":{"rendered":"<p>[et_pb_section fb_built=\u00bb1&#8243; _builder_version=\u00bb4.16&#8243; background_image=\u00bbhttps:\/\/laserst.net\/sitio\/wp-content\/uploads\/2020\/11\/Diseno-sin-titulo-1.png\u00bb min_height=\u00bb193.2px\u00bb custom_margin=\u00bb||-6px|||\u00bb custom_padding=\u00bb||0px|||\u00bb global_colors_info=\u00bb{}\u00bb][et_pb_row _builder_version=\u00bb4.27.4&#8243; _module_preset=\u00bbdefault\u00bb][et_pb_column _builder_version=\u00bb4.27.4&#8243; _module_preset=\u00bbdefault\u00bb type=\u00bb4_4&#8243;][et_pb_video src=\u00bbhttps:\/\/laserst.net\/sitio\/wp-content\/uploads\/2025\/06\/lv_0_20250618181027.mp4&#8243; _builder_version=\u00bb4.27.4&#8243; _module_preset=\u00bbdefault\u00bb title_text=\u00bblv_0_20250618181027&#8243; hover_enabled=\u00bb0&#8243; sticky_enabled=\u00bb0&#8243;][\/et_pb_video][\/et_pb_column][\/et_pb_row][\/et_pb_section]<\/p>\n","protected":false},"excerpt":{"rendered":"","protected":false},"author":4,"featured_media":0,"parent":0,"menu_order":0,"comment_status":"closed","ping_status":"closed","template":"","meta":{"_et_pb_use_builder":"on","_et_pb_old_content":"<p>[vc_row full_width=\"stretch_row_content\" parallax=\"content-moving\" parallax_image=\"563\" css=\".vc_custom_1472019597038{background-color: #ffffff !important;}\" el_class=\"blanco\"][vc_column css=\".vc_custom_1472019272647{background-color: rgba(26,63,119,0.9) !important;*background-color: rgb(26,63,119) !important;}\"][fancy_heading h1=\"0\" icon=\"\" style=\"line\" title=\"Productos Destacados\"]Estos son solo algunos de nuestro productos m\u00e1s destacados.[\/fancy_heading][featured_products per_page=\"8\" columns=\"4\" orderby=\"\" order=\"\"][vc_row_inner][vc_column_inner width=\"1\/6\"][\/vc_column_inner][vc_column_inner width=\"2\/3\"][vc_btn title=\"Ver Cat\u00e1logo Completo\" shape=\"square\" color=\"white\" size=\"lg\" align=\"center\" i_align=\"right\" i_icon_fontawesome=\"fa fa-angle-right\" link=\"url:http%3A%2F%2Fwww.laserst.net%2Fsitio%2Fcatalogo%2F|||\" button_block=\"true\" add_icon=\"true\"][\/vc_column_inner][vc_column_inner width=\"1\/6\"][\/vc_column_inner][\/vc_row_inner][\/vc_column][\/vc_row][vc_row][vc_column][fancy_heading h1=\"0\" icon=\"\" style=\"line\" title=\"Novedades\"][\/fancy_heading][vc_basic_grid post_type=\"post\" max_items=\"12\" style=\"load-more\" items_per_page=\"4\" element_width=\"3\" gap=\"20\" item=\"masonryGrid_GoTop\" initial_loading_animation=\"none\" btn_title=\"Cargar M\u00e1s\" btn_color=\"primary\" btn_size=\"lg\" btn_align=\"center\" btn_i_align=\"right\" btn_i_icon_fontawesome=\"fa fa-angle-down\" grid_id=\"vc_gid:1477343471058-6d3cacfb-15a1-1\" taxonomies=\"1\" btn_add_icon=\"true\" btn_custom_onclick=\"true\"][\/vc_column][\/vc_row][vc_row full_width=\"stretch_row_content\" full_height=\"yes\" columns_placement=\"top\" equal_height=\"yes\" content_placement=\"top\" css=\".vc_custom_1472064951965{background-image: url(http:\/\/www.laserst.net\/sitio\/wp-content\/uploads\/2016\/08\/home_laserst_footer.png?id=600) !important;background-position: center !important;background-repeat: no-repeat !important;background-size: cover !important;}\"][vc_column][vc_row_inner el_class=\"blanco\"][vc_column_inner width=\"1\/6\"][\/vc_column_inner][vc_column_inner width=\"2\/3\"][fancy_heading h1=\"0\" icon=\"\" title=\"Adquiera el mejor equipo para su oficina\"]No busque m\u00e1s, Laser ST le ofrece los mejores precios, el mejor servicio y la m\u00e1xima garant\u00eda en Fotocopiadoras y Equipos Multifuncionales.[\/fancy_heading][vc_column_text][button title=\"Cont\u00e1ctenos Ahora\" link=\"http:\/\/www.laserst.net\/sitio\/contactenos\/\" target=\"_self\" align=\"center\" icon=\"\" icon_position=\"left\" color=\"\" font_color=\"#ffffff\" size=\"3\" full_width=\"\" class=\"\" download=\"\" onclick=\"\"][\/vc_column_text][\/vc_column_inner][vc_column_inner width=\"1\/6\"][\/vc_column_inner][\/vc_row_inner][\/vc_column][\/vc_row]<\/p>","_et_gb_content_width":"","footnotes":""},"class_list":["post-559","page","type-page","status-publish","hentry"],"yoast_head":"<!-- This site is optimized with the Yoast SEO plugin v27.5 - https:\/\/yoast.com\/product\/yoast-seo-wordpress\/ -->\n<title>Laser ST: Fotocopiadoras, impresoras y multifuncionales de Guatemala<\/title>\n<meta name=\"description\" content=\"Venta de fotocopiadoras, impresoras y multifuncionales en Guatemala, toners y servicio t\u00e9cnico.\" \/>\n<meta name=\"robots\" content=\"index, follow, max-snippet:-1, max-image-preview:large, max-video-preview:-1\" \/>\n<link rel=\"canonical\" href=\"https:\/\/laserst.net\/sitio\/\" \/>\n<meta property=\"og:locale\" content=\"es_ES\" \/>\n<meta property=\"og:type\" content=\"article\" \/>\n<meta property=\"og:title\" content=\"Laser ST: Fotocopiadoras, impresoras y multifuncionales de Guatemala\" \/>\n<meta property=\"og:description\" content=\"Venta de fotocopiadoras, impresoras y multifuncionales en Guatemala, toners y servicio t\u00e9cnico.\" \/>\n<meta property=\"og:url\" content=\"https:\/\/laserst.net\/sitio\/\" \/>\n<meta property=\"og:site_name\" content=\"Venta de fotocopiadoras, impresoras y multifuncionales en Guatemala, toners y servicio t\u00e9cnico.\" \/>\n<meta property=\"article:publisher\" content=\"https:\/\/www.facebook.com\/laserstguatemala\" \/>\n<meta property=\"article:modified_time\" content=\"2025-06-19T18:22:50+00:00\" \/>\n<meta name=\"twitter:label1\" content=\"Tiempo de lectura\" \/>\n\t<meta name=\"twitter:data1\" content=\"1 minuto\" \/>\n<script type=\"application\/ld+json\" class=\"yoast-schema-graph\">{\"@context\":\"https:\\\/\\\/schema.org\",\"@graph\":[{\"@type\":\"WebPage\",\"@id\":\"https:\\\/\\\/laserst.net\\\/sitio\\\/\",\"url\":\"https:\\\/\\\/laserst.net\\\/sitio\\\/\",\"name\":\"Laser ST: Fotocopiadoras, impresoras y multifuncionales de Guatemala\",\"isPartOf\":{\"@id\":\"https:\\\/\\\/laserst.net\\\/sitio\\\/#website\"},\"datePublished\":\"2016-08-24T03:29:24+00:00\",\"dateModified\":\"2025-06-19T18:22:50+00:00\",\"description\":\"Venta de fotocopiadoras, impresoras y multifuncionales en Guatemala, toners y servicio t\u00e9cnico.\",\"inLanguage\":\"es\",\"potentialAction\":[{\"@type\":\"ReadAction\",\"target\":[\"https:\\\/\\\/laserst.net\\\/sitio\\\/\"]}]},{\"@type\":\"WebSite\",\"@id\":\"https:\\\/\\\/laserst.net\\\/sitio\\\/#website\",\"url\":\"https:\\\/\\\/laserst.net\\\/sitio\\\/\",\"name\":\"Venta de fotocopiadoras, impresoras y multifuncionales en Guatemala, toners y servicio t\u00e9cnico.\",\"description\":\"Impresoras y Fotocopiadoras de Guatemala\",\"potentialAction\":[{\"@type\":\"SearchAction\",\"target\":{\"@type\":\"EntryPoint\",\"urlTemplate\":\"https:\\\/\\\/laserst.net\\\/sitio\\\/?s={search_term_string}\"},\"query-input\":{\"@type\":\"PropertyValueSpecification\",\"valueRequired\":true,\"valueName\":\"search_term_string\"}}],\"inLanguage\":\"es\"}]}<\/script>\n<!-- \/ Yoast SEO plugin. -->","yoast_head_json":{"title":"Laser ST: Fotocopiadoras, impresoras y multifuncionales de Guatemala","description":"Venta de fotocopiadoras, impresoras y multifuncionales en Guatemala, toners y servicio t\u00e9cnico.","robots":{"index":"index","follow":"follow","max-snippet":"max-snippet:-1","max-image-preview":"max-image-preview:large","max-video-preview":"max-video-preview:-1"},"canonical":"https:\/\/laserst.net\/sitio\/","og_locale":"es_ES","og_type":"article","og_title":"Laser ST: Fotocopiadoras, impresoras y multifuncionales de Guatemala","og_description":"Venta de fotocopiadoras, impresoras y multifuncionales en Guatemala, toners y servicio t\u00e9cnico.","og_url":"https:\/\/laserst.net\/sitio\/","og_site_name":"Venta de fotocopiadoras, impresoras y multifuncionales en Guatemala, toners y servicio t\u00e9cnico.","article_publisher":"https:\/\/www.facebook.com\/laserstguatemala","article_modified_time":"2025-06-19T18:22:50+00:00","twitter_misc":{"Tiempo de lectura":"1 minuto"},"schema":{"@context":"https:\/\/schema.org","@graph":[{"@type":"WebPage","@id":"https:\/\/laserst.net\/sitio\/","url":"https:\/\/laserst.net\/sitio\/","name":"Laser ST: Fotocopiadoras, impresoras y multifuncionales de Guatemala","isPartOf":{"@id":"https:\/\/laserst.net\/sitio\/#website"},"datePublished":"2016-08-24T03:29:24+00:00","dateModified":"2025-06-19T18:22:50+00:00","description":"Venta de fotocopiadoras, impresoras y multifuncionales en Guatemala, toners y servicio t\u00e9cnico.","inLanguage":"es","potentialAction":[{"@type":"ReadAction","target":["https:\/\/laserst.net\/sitio\/"]}]},{"@type":"WebSite","@id":"https:\/\/laserst.net\/sitio\/#website","url":"https:\/\/laserst.net\/sitio\/","name":"Venta de fotocopiadoras, impresoras y multifuncionales en Guatemala, toners y servicio t\u00e9cnico.","description":"Impresoras y Fotocopiadoras de Guatemala","potentialAction":[{"@type":"SearchAction","target":{"@type":"EntryPoint","urlTemplate":"https:\/\/laserst.net\/sitio\/?s={search_term_string}"},"query-input":{"@type":"PropertyValueSpecification","valueRequired":true,"valueName":"search_term_string"}}],"inLanguage":"es"}]}},"_links":{"self":[{"href":"https:\/\/laserst.net\/sitio\/wp-json\/wp\/v2\/pages\/559","targetHints":{"allow":["GET"]}}],"collection":[{"href":"https:\/\/laserst.net\/sitio\/wp-json\/wp\/v2\/pages"}],"about":[{"href":"https:\/\/laserst.net\/sitio\/wp-json\/wp\/v2\/types\/page"}],"author":[{"embeddable":true,"href":"https:\/\/laserst.net\/sitio\/wp-json\/wp\/v2\/users\/4"}],"replies":[{"embeddable":true,"href":"https:\/\/laserst.net\/sitio\/wp-json\/wp\/v2\/comments?post=559"}],"version-history":[{"count":71,"href":"https:\/\/laserst.net\/sitio\/wp-json\/wp\/v2\/pages\/559\/revisions"}],"predecessor-version":[{"id":2551,"href":"https:\/\/laserst.net\/sitio\/wp-json\/wp\/v2\/pages\/559\/revisions\/2551"}],"wp:attachment":[{"href":"https:\/\/laserst.net\/sitio\/wp-json\/wp\/v2\/media?parent=559"}],"curies":[{"name":"wp","href":"https:\/\/api.w.org\/{rel}","templated":true}]}}