{"id":220,"date":"2014-02-12T20:44:26","date_gmt":"2014-02-13T02:44:26","guid":{"rendered":"http:\/\/www.laserst.net\/sitio\/?page_id=220"},"modified":"2014-09-01T18:29:55","modified_gmt":"2014-09-02T00:29:55","slug":"portada","status":"publish","type":"page","link":"https:\/\/laserst.net\/sitio\/portada\/","title":{"rendered":"Portada"},"content":{"rendered":"<p>[et_pb_section background_color=\u00bb#f5f5f5&#8243; inner_shadow=\u00bbon\u00bb][et_pb_row][et_pb_column type=\u00bb2_3&#8243;][et_pb_slider admin_label=\u00bbSlider\u00bb show_arrows=\u00bbon\u00bb show_pagination=\u00bbon\u00bb auto=\u00bbon\u00bb parallax=\u00bboff\u00bb][et_pb_slide heading=\u00bbSoluciones en Impresi\u00f3n\u00bb button_text=\u00bbClick aqu\u00ed\u00bb button_link=\u00bb\/impresoras-en-guatemala\/\u00bb background_image=\u00bbhttp:\/\/www.laserst.net\/sitio\/wp-content\/uploads\/2014\/02\/3.jpg\u00bb background_color=\u00bb#ffffff\u00bb alignment=\u00bbcenter\u00bb background_layout=\u00bblight\u00bb \/][et_pb_slide heading=\u00bbFotocopiadoras y m\u00e1s\u00bb button_text=\u00bbClick aqu\u00ed\u00bb button_link=\u00bb\/multifuncionales-en-guatemala\/\u00bb background_image=\u00bbhttp:\/\/www.laserst.net\/sitio\/wp-content\/uploads\/2014\/02\/5.jpg\u00bb background_color=\u00bb#ffffff\u00bb alignment=\u00bbcenter\u00bb background_layout=\u00bblight\u00bb \/][\/et_pb_slider][\/et_pb_column][et_pb_column type=\u00bb1_3&#8243;][et_pb_text admin_label=\u00bbText\u00bb background_layout=\u00bblight\u00bb text_orientation=\u00bbleft\u00bb]<\/p>\n<div class=\"fb-like-box\" data-href=\"https:\/\/www.facebook.com\/laserstguatemala\" data-height=\"336\" data-width=\"100%\" data-colorscheme=\"light\" data-show-faces=\"true\" data-header=\"false\" data-stream=\"false\" data-show-border=\"false\"><\/div>\n<p>[\/et_pb_text][\/et_pb_column][\/et_pb_row][et_pb_row][et_pb_column type=\u00bb4_4&#8243;][et_pb_cta admin_label=\u00bbCall To Action\u00bb background_color=\u00bb#2f85af\u00bb use_background_color=\u00bbon\u00bb background_layout=\u00bbdark\u00bb text_orientation=\u00bbcenter\u00bb title=\u00bbAdquiera el mejor equipo para su Oficina\u00bb button_url=\u00bb\/contactenos\/\u00bb button_text=\u00bbCont\u00e1ctenos ya!\u00bb]<\/p>\n<p>No busque m\u00e1s, Laser ST le ofrece los mejores precios, el mejor servicio y la m\u00e1xima garant\u00eda en Fotocopiadoras y Equipos Multifuncionales.<\/p>\n<p>[\/et_pb_cta][\/et_pb_column][\/et_pb_row][\/et_pb_section][et_pb_section fullwidth=\u00bboff\u00bb][et_pb_row][et_pb_column type=\u00bb1_4&#8243;][et_pb_blurb admin_label=\u00bbBlurb\u00bb url_new_window=\u00bboff\u00bb animation=\u00bbtop\u00bb background_layout=\u00bblight\u00bb text_orientation=\u00bbcenter\u00bb title=\u00bbFotocopiadoras\u00bb url=\u00bbhttp:\/\/www.laserst.net\/modelo\/\u00bb image=\u00bbhttp:\/\/www.laserst.net\/sitio\/wp-content\/uploads\/2014\/02\/fotocopiadoras.jpg\u00bb]<\/p>\n<p>Adquiera fotocopiadoras de las mejores marcas al mejor precio. Vea nuestro cat\u00e1logo.<\/p>\n<p>[\/et_pb_blurb][\/et_pb_column][et_pb_column type=\u00bb1_4&#8243;][et_pb_blurb admin_label=\u00bbBlurb\u00bb url_new_window=\u00bboff\u00bb animation=\u00bbtop\u00bb background_layout=\u00bblight\u00bb text_orientation=\u00bbcenter\u00bb title=\u00bbImpresoras\u00bb url=\u00bb\/impresoras-en-guatemala\/\u00bb image=\u00bbhttp:\/\/www.laserst.net\/sitio\/wp-content\/uploads\/2014\/02\/Impresoras.jpg\u00bb]<\/p>\n<p>Las mejores impresoras las encuentra con nosotros. Amplio stock de equipos.<\/p>\n<p>[\/et_pb_blurb][\/et_pb_column][et_pb_column type=\u00bb1_4&#8243;][et_pb_blurb admin_label=\u00bbBlurb\u00bb url_new_window=\u00bboff\u00bb animation=\u00bbtop\u00bb background_layout=\u00bblight\u00bb text_orientation=\u00bbcenter\u00bb title=\u00bbMultifuncionales\u00bb url=\u00bb\/multifuncionales-en-guatemala\/\u00bb image=\u00bbhttp:\/\/www.laserst.net\/sitio\/wp-content\/uploads\/2014\/02\/multifuncionales.jpg\u00bb]<\/p>\n<p>Ponemos a su disposici\u00f3n toda\u00a0clase de multifuncionales Canon, Xerox, Sharp, etc.<\/p>\n<p>[\/et_pb_blurb][\/et_pb_column][et_pb_column type=\u00bb1_4&#8243;][et_pb_blurb admin_label=\u00bbBlurb\u00bb url_new_window=\u00bboff\u00bb animation=\u00bbtop\u00bb background_layout=\u00bblight\u00bb text_orientation=\u00bbcenter\u00bb title=\u00bbServicio t\u00e9cnico\u00bb url=\u00bb\/faq\/\u00bb image=\u00bbhttp:\/\/www.laserst.net\/sitio\/wp-content\/uploads\/2014\/02\/servicio-tecnico.jpg\u00bb]<\/p>\n<p>Ofrecemos servicio t\u00e9cnico\u00a0en reparaci\u00f3n y mantenimiento\u00a0de equipos de impresi\u00f3n.<\/p>\n<p>[\/et_pb_blurb][\/et_pb_column][\/et_pb_row][\/et_pb_section][et_pb_section fullwidth=\u00bboff\u00bb][et_pb_row][et_pb_column type=\u00bb4_4&#8243;][et_pb_divider admin_label=\u00bbDivider\u00bb color=\u00bb#1e73be\u00bb show_divider=\u00bboff\u00bb \/][\/et_pb_column][\/et_pb_row][\/et_pb_section]<\/p>\n","protected":false},"excerpt":{"rendered":"<p><div class=\"et_pb_row et_pb_row_0 et_pb_row_empty\">\n\t\t\t\t\n\t\t\t\t\n\t\t\t\t\n\t\t\t\t\n\t\t\t\t\n\t\t\t<\/div> <div class=\"et_pb_row et_pb_row_1 et_pb_row_empty\">\n\t\t\t\t\n\t\t\t\t\n\t\t\t\t\n\t\t\t\t\n\t\t\t\t\n\t\t\t<\/div> No busque m\u00e1s, Laser ST le ofrece los mejores precios, el mejor servicio y la m\u00e1xima garant\u00eda en Fotocopiadoras y Equipos Multifuncionales. <div class=\"et_pb_row et_pb_row_2 et_pb_row_empty\">\n\t\t\t\t\n\t\t\t\t\n\t\t\t\t\n\t\t\t\t\n\t\t\t\t\n\t\t\t<\/div> Adquiera fotocopiadoras de las mejores marcas al mejor precio. Vea nuestro cat\u00e1logo. Las mejores impresoras las encuentra con nosotros. Amplio stock de equipos. Ponemos a su disposici\u00f3n toda\u00a0clase de multifuncionales [&hellip;]<\/p>\n","protected":false},"author":1,"featured_media":0,"parent":0,"menu_order":0,"comment_status":"open","ping_status":"closed","template":"","meta":{"_et_pb_use_builder":"on","_et_pb_old_content":"","_et_gb_content_width":"","footnotes":""},"class_list":["post-220","page","type-page","status-publish","hentry"],"yoast_head":"<!-- This site is optimized with the Yoast SEO plugin v27.3 - https:\/\/yoast.com\/product\/yoast-seo-wordpress\/ -->\n<title>Fotocopiadoras, impresoras y multifuncionales de Guatemala - Laser ST<\/title>\n<meta name=\"description\" content=\"Venta de fotocopiadoras, impresoras y multifuncionales en Guatemala, toners y servicio t\u00e9cnico.\" \/>\n<meta name=\"robots\" content=\"index, follow, max-snippet:-1, max-image-preview:large, max-video-preview:-1\" \/>\n<link rel=\"canonical\" href=\"https:\/\/laserst.net\/sitio\/portada\/\" \/>\n<meta property=\"og:locale\" content=\"es_ES\" \/>\n<meta property=\"og:type\" content=\"article\" \/>\n<meta property=\"og:title\" content=\"Fotocopiadoras, impresoras y multifuncionales de Guatemala - Laser ST\" \/>\n<meta property=\"og:description\" content=\"Venta de fotocopiadoras, impresoras y multifuncionales en Guatemala, toners y servicio t\u00e9cnico.\" \/>\n<meta property=\"og:url\" content=\"https:\/\/laserst.net\/sitio\/portada\/\" \/>\n<meta property=\"og:site_name\" content=\"Venta de fotocopiadoras, impresoras y multifuncionales en Guatemala, toners y servicio t\u00e9cnico.\" \/>\n<meta property=\"article:publisher\" content=\"https:\/\/www.facebook.com\/laserstguatemala\" \/>\n<meta property=\"article:modified_time\" content=\"2014-09-02T00:29:55+00:00\" \/>\n<meta name=\"twitter:label1\" content=\"Tiempo de lectura\" \/>\n\t<meta name=\"twitter:data1\" content=\"2 minutos\" \/>\n<script type=\"application\/ld+json\" class=\"yoast-schema-graph\">{\"@context\":\"https:\\\/\\\/schema.org\",\"@graph\":[{\"@type\":\"WebPage\",\"@id\":\"https:\\\/\\\/laserst.net\\\/sitio\\\/portada\\\/\",\"url\":\"https:\\\/\\\/laserst.net\\\/sitio\\\/portada\\\/\",\"name\":\"Fotocopiadoras, impresoras y multifuncionales de Guatemala - Laser ST\",\"isPartOf\":{\"@id\":\"https:\\\/\\\/laserst.net\\\/sitio\\\/#website\"},\"datePublished\":\"2014-02-13T02:44:26+00:00\",\"dateModified\":\"2014-09-02T00:29:55+00:00\",\"description\":\"Venta de fotocopiadoras, impresoras y multifuncionales en Guatemala, toners y servicio t\u00e9cnico.\",\"inLanguage\":\"es\",\"potentialAction\":[{\"@type\":\"ReadAction\",\"target\":[\"https:\\\/\\\/laserst.net\\\/sitio\\\/portada\\\/\"]}]},{\"@type\":\"WebSite\",\"@id\":\"https:\\\/\\\/laserst.net\\\/sitio\\\/#website\",\"url\":\"https:\\\/\\\/laserst.net\\\/sitio\\\/\",\"name\":\"Venta de fotocopiadoras, impresoras y multifuncionales en Guatemala, toners y servicio t\u00e9cnico.\",\"description\":\"Impresoras y Fotocopiadoras de Guatemala\",\"potentialAction\":[{\"@type\":\"SearchAction\",\"target\":{\"@type\":\"EntryPoint\",\"urlTemplate\":\"https:\\\/\\\/laserst.net\\\/sitio\\\/?s={search_term_string}\"},\"query-input\":{\"@type\":\"PropertyValueSpecification\",\"valueRequired\":true,\"valueName\":\"search_term_string\"}}],\"inLanguage\":\"es\"}]}<\/script>\n<!-- \/ Yoast SEO plugin. -->","yoast_head_json":{"title":"Fotocopiadoras, impresoras y multifuncionales de Guatemala - Laser ST","description":"Venta de fotocopiadoras, impresoras y multifuncionales en Guatemala, toners y servicio t\u00e9cnico.","robots":{"index":"index","follow":"follow","max-snippet":"max-snippet:-1","max-image-preview":"max-image-preview:large","max-video-preview":"max-video-preview:-1"},"canonical":"https:\/\/laserst.net\/sitio\/portada\/","og_locale":"es_ES","og_type":"article","og_title":"Fotocopiadoras, impresoras y multifuncionales de Guatemala - Laser ST","og_description":"Venta de fotocopiadoras, impresoras y multifuncionales en Guatemala, toners y servicio t\u00e9cnico.","og_url":"https:\/\/laserst.net\/sitio\/portada\/","og_site_name":"Venta de fotocopiadoras, impresoras y multifuncionales en Guatemala, toners y servicio t\u00e9cnico.","article_publisher":"https:\/\/www.facebook.com\/laserstguatemala","article_modified_time":"2014-09-02T00:29:55+00:00","twitter_misc":{"Tiempo de lectura":"2 minutos"},"schema":{"@context":"https:\/\/schema.org","@graph":[{"@type":"WebPage","@id":"https:\/\/laserst.net\/sitio\/portada\/","url":"https:\/\/laserst.net\/sitio\/portada\/","name":"Fotocopiadoras, impresoras y multifuncionales de Guatemala - Laser ST","isPartOf":{"@id":"https:\/\/laserst.net\/sitio\/#website"},"datePublished":"2014-02-13T02:44:26+00:00","dateModified":"2014-09-02T00:29:55+00:00","description":"Venta de fotocopiadoras, impresoras y multifuncionales en Guatemala, toners y servicio t\u00e9cnico.","inLanguage":"es","potentialAction":[{"@type":"ReadAction","target":["https:\/\/laserst.net\/sitio\/portada\/"]}]},{"@type":"WebSite","@id":"https:\/\/laserst.net\/sitio\/#website","url":"https:\/\/laserst.net\/sitio\/","name":"Venta de fotocopiadoras, impresoras y multifuncionales en Guatemala, toners y servicio t\u00e9cnico.","description":"Impresoras y Fotocopiadoras de Guatemala","potentialAction":[{"@type":"SearchAction","target":{"@type":"EntryPoint","urlTemplate":"https:\/\/laserst.net\/sitio\/?s={search_term_string}"},"query-input":{"@type":"PropertyValueSpecification","valueRequired":true,"valueName":"search_term_string"}}],"inLanguage":"es"}]}},"jetpack_sharing_enabled":true,"_links":{"self":[{"href":"https:\/\/laserst.net\/sitio\/wp-json\/wp\/v2\/pages\/220","targetHints":{"allow":["GET"]}}],"collection":[{"href":"https:\/\/laserst.net\/sitio\/wp-json\/wp\/v2\/pages"}],"about":[{"href":"https:\/\/laserst.net\/sitio\/wp-json\/wp\/v2\/types\/page"}],"author":[{"embeddable":true,"href":"https:\/\/laserst.net\/sitio\/wp-json\/wp\/v2\/users\/1"}],"replies":[{"embeddable":true,"href":"https:\/\/laserst.net\/sitio\/wp-json\/wp\/v2\/comments?post=220"}],"version-history":[{"count":0,"href":"https:\/\/laserst.net\/sitio\/wp-json\/wp\/v2\/pages\/220\/revisions"}],"wp:attachment":[{"href":"https:\/\/laserst.net\/sitio\/wp-json\/wp\/v2\/media?parent=220"}],"curies":[{"name":"wp","href":"https:\/\/api.w.org\/{rel}","templated":true}]}}